{"id":764,"date":"2025-03-29T10:08:02","date_gmt":"2025-03-29T10:08:02","guid":{"rendered":"https:\/\/silverfoil.com.ua\/?post_type=product&#038;p=764"},"modified":"2026-02-17T09:31:47","modified_gmt":"2026-02-17T09:31:47","slug":"lorem-ipsum-4","status":"publish","type":"product","link":"https:\/\/silverfoil.com.ua\/pl\/produkt\/lorem-ipsum-4\/","title":{"rendered":"Wyt\u0142aczana folia 14 cm 200 m 13 mikron\u00f3w"},"content":{"rendered":"<h3 data-start=\"101\" data-end=\"179\"><strong data-start=\"105\" data-end=\"141\">Folia z r\u00f3\u017cow\u0105 etykiet\u0105 14 cm<\/strong> - wi\u0119cej miejsca na sprz\u0119t<\/h3>\n<p data-start=\"180\" data-end=\"209\"><strong data-start=\"180\" data-end=\"209\">14 cm \u00d7 200 m \/ 13 mikron\u00f3w<\/strong><\/p>\n<p data-start=\"211\" data-end=\"424\">Jest to wyt\u0142aczana folia zaprojektowana dla tych, kt\u00f3rzy preferuj\u0105 wygod\u0119 w szczeg\u00f3\u0142ach.<br data-start=\"277\" data-end=\"280\" \/>Zwi\u0119kszona szeroko\u015b\u0107 <strong data-start=\"297\" data-end=\"306\">14 cm<\/strong> - Idealny do pracy z tabletami, szerokimi pasmami, pe\u0142nym o\u015bwietleniem i technikami, kt\u00f3re wymagaj\u0105 wolnej przestrzeni do inspiracji.<\/p>\n<p data-start=\"426\" data-end=\"546\">Elastyczna struktura u\u0142atwia mocowanie pasm bez ich przesuwania, a przyjemna grubo\u015b\u0107 13 mikron\u00f3w daje pewno\u015b\u0107 przy ka\u017cdym ruchu.<\/p>\n<p data-start=\"548\" data-end=\"660\">Nadaje si\u0119 do:<br data-start=\"560\" data-end=\"563\" \/>\u25ab\ufe0f AirTouch<br data-start=\"574\" data-end=\"577\" \/>\u25ab\ufe0f Blond na tablecie<br data-start=\"597\" data-end=\"600\" \/>\u25ab\ufe0f Pe\u0142ny zasi\u0119g<br data-start=\"619\" data-end=\"622\" \/>\u25ab\ufe0f Praca z grubymi lub d\u0142ugimi w\u0142osami<\/p>\n<p data-start=\"662\" data-end=\"777\" data-is-last-node=\"\" data-is-only-node=\"\"><strong data-start=\"662\" data-end=\"777\" data-is-last-node=\"\">14 cm - gdy chcesz troch\u0119 wi\u0119cej ni\u017c standard.<br data-start=\"710\" data-end=\"713\" \/>R\u00f3\u017cowa etykieta jest oznak\u0105 jako\u015bci, kt\u00f3ra zosta\u0142a przetestowana w codziennej praktyce.<\/strong><\/p>","protected":false},"excerpt":{"rendered":"<h2 data-start=\"101\" data-end=\"179\"><strong data-start=\"64\" data-end=\"100\">Folia z r\u00f3\u017cow\u0105 etykiet\u0105 14 cm<\/strong><\/h2>\n<h4 data-start=\"101\" data-end=\"179\"><br data-start=\"100\" data-end=\"103\" \/>Wi\u0119cej miejsca na AirTouch, blondowanie i techniki tabletowe. Idealny wyb\u00f3r dla technik\u00f3w paznokci, kt\u00f3rzy kochaj\u0105 swobod\u0119 ruch\u00f3w.<\/h4>","protected":false},"featured_media":3831,"comment_status":"open","ping_status":"closed","template":"","meta":[],"product_brand":[],"product_cat":[33],"product_tag":[],"class_list":{"0":"post-764","1":"product","2":"type-product","3":"status-publish","4":"has-post-thumbnail","6":"product_cat-tisnena","8":"first","9":"instock","10":"shipping-taxable","11":"purchasable","12":"product-type-simple"},"_links":{"self":[{"href":"https:\/\/silverfoil.com.ua\/pl\/wp-json\/wp\/v2\/product\/764","targetHints":{"allow":["GET"]}}],"collection":[{"href":"https:\/\/silverfoil.com.ua\/pl\/wp-json\/wp\/v2\/product"}],"about":[{"href":"https:\/\/silverfoil.com.ua\/pl\/wp-json\/wp\/v2\/types\/product"}],"replies":[{"embeddable":true,"href":"https:\/\/silverfoil.com.ua\/pl\/wp-json\/wp\/v2\/comments?post=764"}],"wp:featuredmedia":[{"embeddable":true,"href":"https:\/\/silverfoil.com.ua\/pl\/wp-json\/wp\/v2\/media\/3831"}],"wp:attachment":[{"href":"https:\/\/silverfoil.com.ua\/pl\/wp-json\/wp\/v2\/media?parent=764"}],"wp:term":[{"taxonomy":"product_brand","embeddable":true,"href":"https:\/\/silverfoil.com.ua\/pl\/wp-json\/wp\/v2\/product_brand?post=764"},{"taxonomy":"product_cat","embeddable":true,"href":"https:\/\/silverfoil.com.ua\/pl\/wp-json\/wp\/v2\/product_cat?post=764"},{"taxonomy":"product_tag","embeddable":true,"href":"https:\/\/silverfoil.com.ua\/pl\/wp-json\/wp\/v2\/product_tag?post=764"}],"curies":[{"name":"wp","href":"https:\/\/api.w.org\/{rel}","templated":true}]}}