{"id":763,"date":"2025-03-29T10:07:49","date_gmt":"2025-03-29T10:07:49","guid":{"rendered":"https:\/\/silverfoil.com.ua\/?post_type=product&#038;p=763"},"modified":"2026-02-17T09:31:35","modified_gmt":"2026-02-17T09:31:35","slug":"silverfoil17cm","status":"publish","type":"product","link":"https:\/\/silverfoil.com.ua\/pl\/produkt\/silverfoil17cm\/","title":{"rendered":"Wyt\u0142aczana folia 17,5 cm 200 m 13 mikron\u00f3w"},"content":{"rendered":"<h3 data-start=\"77\" data-end=\"154\"><strong data-start=\"81\" data-end=\"117\">Wyd\u0142u\u017cona wyt\u0142aczana folia 17,5 cm<\/strong> - Maksymalny zasi\u0119g, minimalny ruch<\/h3>\n<p data-start=\"155\" data-end=\"176\"><strong data-start=\"155\" data-end=\"176\">200 m \/ 13 mikron\u00f3w<\/strong><\/p>\n<p data-start=\"178\" data-end=\"311\">Jest idealny do pe\u0142nego pokrycia, d\u0142ugich i g\u0119stych w\u0142os\u00f3w oraz do technik, w kt\u00f3rych wa\u017cne jest pokrycie du\u017cych obszar\u00f3w za jednym razem.<\/p>\n<p data-start=\"313\" data-end=\"408\">Szeroko\u015b\u0107 17,5 cm zapewnia wi\u0119ksz\u0105 swobod\u0119 i oszcz\u0119dno\u015b\u0107 czasu,<br data-start=\"364\" data-end=\"367\" \/>a wyt\u0142oczona struktura bezpiecznie mocuje pasma.<\/p>\n<p data-start=\"410\" data-end=\"536\">Nadaje si\u0119 do:<br data-start=\"422\" data-end=\"425\" \/>\u25ab\ufe0f Pe\u0142ny zasi\u0119g<br data-start=\"446\" data-end=\"449\" \/>\u25ab\ufe0f Dzia\u0142a na d\u0142ugim p\u0142\u00f3tnie<br data-start=\"477\" data-end=\"480\" \/>\u25ab\ufe0f AirTouch w szerokich sekcjach<br data-start=\"509\" data-end=\"512\" \/>\u25ab\ufe0f Malowanie strefowe<\/p>","protected":false},"excerpt":{"rendered":"<article class=\"text-token-text-primary w-full\" dir=\"auto\" data-testid=\"conversation-turn-48\" data-scroll-anchor=\"true\">\n<div class=\"text-base my-auto mx-auto py-5 [--thread-content-margin:--spacing(4)] @[37rem]:[--thread-content-margin:--spacing(6)] @[72rem]:[--thread-content-margin:--spacing(16)] px-(--thread-content-margin)\">\n<div class=\"[--thread-content-max-width:32rem] @[34rem]:[--thread-content-max-width:40rem] @[64rem]:[--thread-content-max-width:48rem] mx-auto flex max-w-(--thread-content-max-width) flex-1 text-base gap-4 md:gap-5 lg:gap-6 group\/turn-messages focus-visible:outline-hidden\" tabindex=\"-1\">\n<div class=\"group\/conversation-turn relative flex w-full min-w-0 flex-col agent-turn\">\n<div class=\"relative flex-col gap-1 md:gap-3\">\n<div class=\"flex max-w-full flex-col grow\">\n<div class=\"min-h-8 text-message relative flex w-full flex-col items-end gap-2 text-start break-words whitespace-normal [.text-message+&amp;]:mt-5\" dir=\"auto\" data-message-author-role=\"assistant\" data-message-id=\"9df88ccc-b5e3-4b0c-8668-b623f0579b1f\" data-message-model-slug=\"gpt-4o\">\n<div class=\"flex w-full flex-col gap-1 empty:hidden first:pt-[3px]\">\n<div class=\"markdown prose dark:prose-invert w-full break-words light\"><\/div>\n<\/div>\n<\/div>\n<\/div>\n<\/div>\n<div class=\"absolute\">\n<div class=\"flex items-center justify-center\">\n<p data-start=\"627\" data-end=\"673\"><strong data-start=\"627\" data-end=\"673\">Wyt\u0142aczana folia 17,5 cm \u00d7 200 m \/ 13 mikron\u00f3w<\/strong><\/p>\n<p data-start=\"675\" data-end=\"781\" data-is-last-node=\"\" data-is-only-node=\"\">Szeroki format dla pe\u0142nego pokrycia, d\u0142ugich i g\u0119stych w\u0142os\u00f3w.<br data-start=\"740\" data-end=\"743\" \/>Maksymalny zasi\u0119g - minimalny wysi\u0142ek<\/p>\n<\/div>\n<\/div>\n<\/div>\n<\/div>\n<\/div>\n<\/article>\n<div class=\"pointer-events-none h-px w-px\" aria-hidden=\"true\" data-edge=\"true\"><\/div>","protected":false},"featured_media":3827,"comment_status":"open","ping_status":"closed","template":"","meta":[],"product_brand":[39],"product_cat":[33],"product_tag":[],"class_list":{"0":"post-763","1":"product","2":"type-product","3":"status-publish","4":"has-post-thumbnail","6":"product_brand-silver-foil","7":"product_cat-tisnena","9":"first","10":"instock","11":"shipping-taxable","12":"purchasable","13":"product-type-simple"},"_links":{"self":[{"href":"https:\/\/silverfoil.com.ua\/pl\/wp-json\/wp\/v2\/product\/763","targetHints":{"allow":["GET"]}}],"collection":[{"href":"https:\/\/silverfoil.com.ua\/pl\/wp-json\/wp\/v2\/product"}],"about":[{"href":"https:\/\/silverfoil.com.ua\/pl\/wp-json\/wp\/v2\/types\/product"}],"replies":[{"embeddable":true,"href":"https:\/\/silverfoil.com.ua\/pl\/wp-json\/wp\/v2\/comments?post=763"}],"wp:featuredmedia":[{"embeddable":true,"href":"https:\/\/silverfoil.com.ua\/pl\/wp-json\/wp\/v2\/media\/3827"}],"wp:attachment":[{"href":"https:\/\/silverfoil.com.ua\/pl\/wp-json\/wp\/v2\/media?parent=763"}],"wp:term":[{"taxonomy":"product_brand","embeddable":true,"href":"https:\/\/silverfoil.com.ua\/pl\/wp-json\/wp\/v2\/product_brand?post=763"},{"taxonomy":"product_cat","embeddable":true,"href":"https:\/\/silverfoil.com.ua\/pl\/wp-json\/wp\/v2\/product_cat?post=763"},{"taxonomy":"product_tag","embeddable":true,"href":"https:\/\/silverfoil.com.ua\/pl\/wp-json\/wp\/v2\/product_tag?post=763"}],"curies":[{"name":"wp","href":"https:\/\/api.w.org\/{rel}","templated":true}]}}