{"id":712,"date":"2025-03-28T21:52:06","date_gmt":"2025-03-28T21:52:06","guid":{"rendered":"https:\/\/silverfoil.com.ua\/?post_type=product&#038;p=712"},"modified":"2025-09-29T14:00:50","modified_gmt":"2025-09-29T14:00:50","slug":"lorem-ipsum","status":"publish","type":"product","link":"https:\/\/silverfoil.com.ua\/pl\/produkt\/lorem-ipsum\/","title":{"rendered":"Dziennik dla kolorysty"},"content":{"rendered":"<p data-start=\"608\" data-end=\"670\"><strong data-start=\"608\" data-end=\"670\">Dziennik stworzony z dusz\u0105 - przez mistrz\u00f3w dla mistrz\u00f3w\u00a0<\/strong><\/p>\n<p data-start=\"672\" data-end=\"894\">To co\u015b wi\u0119cej ni\u017c tylko notatnik. To Tw\u00f3j asystent w pracy, kt\u00f3ry pomo\u017ce Ci zachowa\u0107 wszystkie wa\u017cne zapisy dotycz\u0105ce klient\u00f3w, kolorowania i wynik\u00f3w.<br data-start=\"809\" data-end=\"812\" \/>Zaprojektowany, aby u\u0142atwi\u0107 codzienn\u0105 rutyn\u0119 i zwi\u0119kszy\u0107 komfort pracy.<\/p>\n<p data-start=\"896\" data-end=\"1343\"><span data-start=\"899\" data-end=\"913\">\u00a0<\/span><strong data-start=\"899\" data-end=\"913\">Wewn\u0105trz:<\/strong><br \/>\n- Wygodny system alfabetyczny do szybkiego wyszukiwania klient\u00f3w<br data-start=\"969\" data-end=\"972\" \/>- Kwestionariusz zawieraj\u0105cy wszystkie kluczowe punkty: dane kontaktowe, stan w\u0142os\u00f3w i sk\u00f3ry, poprzednie zabiegi, piel\u0119gnacja domowa.<br data-start=\"1090\" data-end=\"1093\" \/>- Formu\u0142y malarskie: marka farby, odcie\u0144, utleniacz, proporcje, ekspozycja, oczekiwane i rzeczywiste wyniki<br data-start=\"1202\" data-end=\"1205\" \/>- Miejsce na zalecenia, analiz\u0119 wizyty, dat\u0119 kolejnej wizyty i koszt.<br data-start=\"1282\" data-end=\"1285\" \/>- A tak\u017ce wzruszaj\u0105ca strona \"Klienci, kt\u00f3rzy staj\u0105 si\u0119 przyjaci\u00f3\u0142mi\"<\/p>\n<p data-start=\"1345\" data-end=\"1527\">Kompaktowy format, solidna obudowa, wygodna spr\u0119\u017cyna - idealny do codziennego u\u017cytku w pracy<\/p>\n<p data-start=\"1212\" data-end=\"1287\"><strong data-start=\"1212\" data-end=\"1287\">\u00a0<\/strong><\/p>","protected":false},"excerpt":{"rendered":"<p>Stylowy dziennik dla koloryst\u00f3w z uk\u0142adem alfabetycznym i por\u0119cznymi szablonami do przechowywania receptur, notatek i klient\u00f3w.<br data-start=\"338\" data-end=\"341\" \/>Wszystko, czego potrzebujesz w jednym miejscu. Inspiracja ka\u017cdego dnia!<\/p>","protected":false},"featured_media":3821,"comment_status":"open","ping_status":"closed","template":"","meta":[],"product_brand":[],"product_cat":[20],"product_tag":[],"class_list":{"0":"post-712","1":"product","2":"type-product","3":"status-publish","4":"has-post-thumbnail","6":"product_cat-shhodenniki","8":"first","9":"instock","10":"shipping-taxable","11":"purchasable","12":"product-type-simple"},"_links":{"self":[{"href":"https:\/\/silverfoil.com.ua\/pl\/wp-json\/wp\/v2\/product\/712","targetHints":{"allow":["GET"]}}],"collection":[{"href":"https:\/\/silverfoil.com.ua\/pl\/wp-json\/wp\/v2\/product"}],"about":[{"href":"https:\/\/silverfoil.com.ua\/pl\/wp-json\/wp\/v2\/types\/product"}],"replies":[{"embeddable":true,"href":"https:\/\/silverfoil.com.ua\/pl\/wp-json\/wp\/v2\/comments?post=712"}],"wp:featuredmedia":[{"embeddable":true,"href":"https:\/\/silverfoil.com.ua\/pl\/wp-json\/wp\/v2\/media\/3821"}],"wp:attachment":[{"href":"https:\/\/silverfoil.com.ua\/pl\/wp-json\/wp\/v2\/media?parent=712"}],"wp:term":[{"taxonomy":"product_brand","embeddable":true,"href":"https:\/\/silverfoil.com.ua\/pl\/wp-json\/wp\/v2\/product_brand?post=712"},{"taxonomy":"product_cat","embeddable":true,"href":"https:\/\/silverfoil.com.ua\/pl\/wp-json\/wp\/v2\/product_cat?post=712"},{"taxonomy":"product_tag","embeddable":true,"href":"https:\/\/silverfoil.com.ua\/pl\/wp-json\/wp\/v2\/product_tag?post=712"}],"curies":[{"name":"wp","href":"https:\/\/api.w.org\/{rel}","templated":true}]}}