{"id":4337,"date":"2026-03-20T11:35:00","date_gmt":"2026-03-20T11:35:00","guid":{"rendered":"https:\/\/silverfoil.com.ua\/?post_type=product&#038;p=4337"},"modified":"2026-03-20T11:42:19","modified_gmt":"2026-03-20T11:42:19","slug":"folga-z-tysnennyam-zebra-14-sm-200-m-13-mk","status":"publish","type":"product","link":"https:\/\/silverfoil.com.ua\/pl\/produkt\/folga-z-tysnennyam-zebra-14-sm-200-m-13-mk\/","title":{"rendered":"Folia t\u0142oczona Zebra 14 cm 200 m 13 \u00b5"},"content":{"rendered":"<h3><strong>\u0424\u043e\u043b\u044c\u0433\u0430 \u0437 \u0443\u043d\u0456\u043a\u0430\u043b\u044c\u043d\u0438\u043c \u0442\u0438\u0441\u043d\u0435\u043d\u043d\u044f\u043c &#8220;\u0417\u0415\u0411\u0420\u0410&#8221; \u2014 \u043d\u043e\u0432\u0438\u0439 \u0432\u0438\u043c\u0456\u0440 \u0432\u0456\u0437\u0443\u0430\u043b\u0456\u0437\u0430\u0446\u0456\u0457 \u0442\u0430 \u043a\u043e\u043c\u0444\u043e\u0440\u0442\u0443<\/strong><\/h3>\n<h4><strong>14 cm \u00d7 200 m \/ 13 mikron\u00f3w<\/strong><br \/>\n<strong>\u0422\u0438\u0441\u043d\u0435\u043d\u043d\u044f \u00ab\u0417\u0435\u0431\u0440\u0430\u00bb<\/strong><\/h4>\n<p>\u0424\u043e\u043b\u044c\u0433\u0430 \u0437 \u043e\u0440\u0438\u0433\u0456\u043d\u0430\u043b\u044c\u043d\u0438\u043c \u0442\u0438\u0441\u043d\u0435\u043d\u043d\u044f\u043c \u00ab\u0417\u0435\u0431\u0440\u0430\u00bb \u0432\u0438\u0433\u043b\u044f\u0434\u0430\u0454 <strong>\u043d\u0435\u0441\u0442\u0430\u043d\u0434\u0430\u0440\u0442\u043d\u043e<\/strong>, \u0434\u043e\u0431\u0440\u0435 \u0437\u0430\u043f\u0430\u043c\u2019\u044f\u0442\u043e\u0432\u0443\u0454\u0442\u044c\u0441\u044f \u0456 \u0432\u0456\u0434\u0440\u0430\u0437\u0443 \u043f\u0440\u0438\u0432\u0435\u0440\u0442\u0430\u0454 \u0443\u0432\u0430\u0433\u0443 \u0437\u0430\u0432\u0434\u044f\u043a\u0438 \u0432\u0438\u0440\u0430\u0437\u043d\u0456\u0439 \u0442\u0435\u043a\u0441\u0442\u0443\u0440\u0456.\u00a0\u041f\u0440\u0438 \u0442\u043e\u0432\u0449\u0438\u043d\u0456 13 \u043c\u043a\u043c \u043c\u0430\u0442\u0435\u0440\u0456\u0430\u043b \u0437\u0430\u043b\u0438\u0448\u0430\u0454\u0442\u044c\u0441\u044f \u043a\u043e\u043c\u0444\u043e\u0440\u0442\u043d\u0438\u043c \u0443 \u0432\u0438\u043a\u043e\u0440\u0438\u0441\u0442\u0430\u043d\u043d\u0456: \u0442\u0440\u0438\u043c\u0430\u0454 \u0444\u043e\u0440\u043c\u0443, <strong>nie odkszta\u0142ca si\u0119<\/strong> \u043f\u0456\u0434 \u0447\u0430\u0441 \u043d\u0430\u043d\u0435\u0441\u0435\u043d\u043d\u044f \u0441\u043a\u043b\u0430\u0434\u0443 \u0442\u0430 \u0437\u0430\u0431\u0435\u0437\u043f\u0435\u0447\u0443\u0454 <strong>\u043d\u0430\u0434\u0456\u0439\u043d\u0438\u0439 \u0437\u0430\u0445\u0438\u0441\u0442<\/strong> \u0432\u0456\u0434 \u043f\u0440\u043e\u0441\u043e\u0447\u0443\u0432\u0430\u043d\u043d\u044f. \u0428\u0438\u0440\u0438\u043d\u0430 14 \u0441\u043c \u0437\u043c\u043e\u0433\u0443 \u043f\u0440\u0430\u0446\u044e\u0432\u0430\u0442\u0438 \u044f\u043a \u0456\u0437 \u0442\u043e\u043d\u043a\u0438\u043c\u0438 \u043f\u0430\u0441\u043c\u0430\u043c\u0438, \u0442\u0430\u043a \u0456 \u0437 \u0448\u0438\u0440\u043e\u043a\u0438\u043c\u0438 \u0437\u043e\u043d\u0430\u043c\u0438 \u0431\u0435\u0437 \u0434\u043e\u0434\u0430\u0442\u043a\u043e\u0432\u0438\u0445 \u0441\u0442\u0438\u043a\u0456\u0432.<\/p>\n<p><strong>Nadaje si\u0119 do:<\/strong><br \/>\n\u25ab\ufe0f \u0421\u043a\u043b\u0430\u0434\u043d\u0438\u0445 \u0442\u0435\u0445\u043d\u0456\u043a<br \/>\n\u25ab\ufe0f \u0414\u043e\u0432\u0433\u043e\u0433\u043e \u0432\u043e\u043b\u043e\u0441\u0441\u044f<br \/>\n\u25ab\ufe0f \u0422\u0435\u0445\u043d\u0456\u043a, \u0434\u0435 \u043f\u043e\u0442\u0440\u0456\u0431\u043d\u043e \u0432\u0438\u0434\u0456\u043b\u044f\u0442\u0438 \u0448\u0438\u0440\u043e\u043a\u0456 \u043f\u0430\u0441\u043c\u0430<\/p>\n<p class=\"ds-markdown-paragraph\"><strong>Tw\u00f3j styl tkwi w niezapomnianych szczeg\u00f3\u0142ach.<\/strong><\/p>","protected":false},"excerpt":{"rendered":"<div class=\"ds-message _63c77b1\">\n<div class=\"ds-markdown\">\n<h3 class=\"ds-markdown-paragraph\"><strong>Folia z wyt\u0142oczonym napisem \"ZEBRA\"<\/strong><br \/>\n14 cm \u00d7 200 m \/ 13 \u00b5m<\/h3>\n<p class=\"ds-markdown-paragraph\">Folia z oryginalnym t\u0142oczeniem przyci\u0105ga wzrok i zapada w pami\u0119\u0107. Grubo\u015b\u0107 13 mikron\u00f3w <strong>zachowuje sw\u00f3j kszta\u0142t<\/strong>Nie odkszta\u0142ca si\u0119 i zapewnia niezawodn\u0105 ochron\u0119 przed przesi\u0105kaniem. Szeroko\u015b\u0107 14 cm pozwala na prac\u0119 zar\u00f3wno z cienkimi pasmami, jak i szerokimi obszarami.<\/p>\n<p class=\"ds-markdown-paragraph\">Nadaje si\u0119 do skomplikowanych technik, d\u0142ugich w\u0142os\u00f3w i pracy z szerokimi pasmami.<\/p>\n<p class=\"ds-markdown-paragraph\"><strong>Tw\u00f3j styl tkwi w niezapomnianych szczeg\u00f3\u0142ach.<\/strong><\/p>\n<\/div>\n<\/div>","protected":false},"featured_media":4343,"comment_status":"open","ping_status":"closed","template":"","meta":[],"product_brand":[],"product_cat":[33],"product_tag":[],"class_list":{"0":"post-4337","1":"product","2":"type-product","3":"status-publish","4":"has-post-thumbnail","6":"product_cat-tisnena","8":"first","9":"instock","10":"shipping-taxable","11":"purchasable","12":"product-type-simple"},"_links":{"self":[{"href":"https:\/\/silverfoil.com.ua\/pl\/wp-json\/wp\/v2\/product\/4337","targetHints":{"allow":["GET"]}}],"collection":[{"href":"https:\/\/silverfoil.com.ua\/pl\/wp-json\/wp\/v2\/product"}],"about":[{"href":"https:\/\/silverfoil.com.ua\/pl\/wp-json\/wp\/v2\/types\/product"}],"replies":[{"embeddable":true,"href":"https:\/\/silverfoil.com.ua\/pl\/wp-json\/wp\/v2\/comments?post=4337"}],"wp:featuredmedia":[{"embeddable":true,"href":"https:\/\/silverfoil.com.ua\/pl\/wp-json\/wp\/v2\/media\/4343"}],"wp:attachment":[{"href":"https:\/\/silverfoil.com.ua\/pl\/wp-json\/wp\/v2\/media?parent=4337"}],"wp:term":[{"taxonomy":"product_brand","embeddable":true,"href":"https:\/\/silverfoil.com.ua\/pl\/wp-json\/wp\/v2\/product_brand?post=4337"},{"taxonomy":"product_cat","embeddable":true,"href":"https:\/\/silverfoil.com.ua\/pl\/wp-json\/wp\/v2\/product_cat?post=4337"},{"taxonomy":"product_tag","embeddable":true,"href":"https:\/\/silverfoil.com.ua\/pl\/wp-json\/wp\/v2\/product_tag?post=4337"}],"curies":[{"name":"wp","href":"https:\/\/api.w.org\/{rel}","templated":true}]}}