{"id":4268,"date":"2026-02-17T09:29:44","date_gmt":"2026-02-17T09:29:44","guid":{"rendered":"https:\/\/silverfoil.com.ua\/?post_type=product&#038;p=4268"},"modified":"2026-02-20T21:03:07","modified_gmt":"2026-02-20T21:03:07","slug":"folga-podvijnogo-tysnennya-14-sm-100m-18-mikron","status":"publish","type":"product","link":"https:\/\/silverfoil.com.ua\/pl\/produkt\/folga-podvijnogo-tysnennya-14-sm-100m-18-mikron\/","title":{"rendered":"Podw\u00f3jnie t\u0142oczona folia 14 cm 100 m 18 mikron\u00f3w"},"content":{"rendered":"<h3><strong>Folia DUAL PRESS - mega elastyczno\u015b\u0107, spr\u0119\u017cysto\u015b\u0107 i niezawodne mocowanie<\/strong><\/h3>\n<h4><strong>14 cm \u00d7 100 m \/ 18 mikron\u00f3w<\/strong><br \/>\n<strong>Podw\u00f3jne t\u0142oczenie<\/strong><\/h4>\n<p>Folia o charakterystycznej teksturze dzi\u0119ki\u00a0<strong>podw\u00f3jne t\u0142oczenie<\/strong>co znacznie zwi\u0119ksza jej elastyczno\u015b\u0107 i odporno\u015b\u0107.<br \/>\n<strong>G\u0119sty, nie odkszta\u0142ca si\u0119<\/strong>\u00a0doskonale zachowuje sw\u00f3j kszta\u0142t podczas aplikacji. Ze wzgl\u0119du na grubo\u015b\u0107\u00a0<strong>18 mikron\u00f3w<\/strong>\u00a0zapewnia absolutn\u0105 ochron\u0119 przed wyciekami chemicznymi, co jest szczeg\u00f3lnie wa\u017cne podczas pracy z agresywnymi rozja\u015bniaczami.<\/p>\n<p><strong>Nadaje si\u0119 do:<\/strong><br \/>\n\u25ab\ufe0f \u0421\u043a\u043b\u0430\u0434\u043d\u0438\u0445 \u0442\u0435\u0445\u043d\u0456\u043a<br \/>\n\u25ab\ufe0f \u0414\u043e\u0432\u0433\u043e\u0433\u043e \u0432\u043e\u043b\u043e\u0441\u0441\u044f<br \/>\n\u25ab\ufe0f \u041f\u043e\u0440\u0438\u0441\u0442\u043e\u0457 \u0441\u0442\u0440\u0443\u043a\u0442\u0443\u0440\u0438<br \/>\n\u25ab\ufe0f \u0422\u0435\u0445\u043d\u0456\u043a, \u0434\u0435 \u043f\u043e\u0442\u0440\u0456\u0431\u043d\u043e \u0432\u0438\u0434\u0456\u043b\u044f\u0442\u0438 \u0448\u0438\u0440\u043e\u043a\u0456 \u043f\u0430\u0441\u043c\u0430<\/p>\n<p><strong>Jeszcze bardziej czyste i przewidywalne wyniki.<\/strong><\/p>","protected":false},"excerpt":{"rendered":"<h3><strong>Folia DUAL PRESS - mega elastyczno\u015b\u0107, spr\u0119\u017cysto\u015b\u0107 i niezawodne mocowanie<\/strong><\/h3>\n<h4><strong>14 cm \u00d7 100 m \/ 18 mikron\u00f3w<\/strong><br \/>\n<strong>Podw\u00f3jne t\u0142oczenie<\/strong><\/h4>\n<p>Folia o charakterystycznej teksturze dzi\u0119ki\u00a0<strong>podw\u00f3jne t\u0142oczenie<\/strong>co znacznie zwi\u0119ksza jej elastyczno\u015b\u0107 i odporno\u015b\u0107.<br \/>\n<strong>G\u0119sty, nie odkszta\u0142ca si\u0119<\/strong>\u00a0doskonale zachowuje sw\u00f3j kszta\u0142t podczas aplikacji. Ze wzgl\u0119du na grubo\u015b\u0107\u00a0<strong>18 mikron\u00f3w<\/strong>\u00a0zapewnia absolutn\u0105 ochron\u0119 przed wyciekami chemicznymi, co jest szczeg\u00f3lnie wa\u017cne podczas pracy z agresywnymi rozja\u015bniaczami.<\/p>\n<p><strong>Nadaje si\u0119 do:<\/strong><br \/>\n\u25ab\ufe0f \u0421\u043a\u043b\u0430\u0434\u043d\u0438\u0445 \u0442\u0435\u0445\u043d\u0456\u043a<br \/>\n\u25ab\ufe0f \u0414\u043e\u0432\u0433\u043e\u0433\u043e \u0432\u043e\u043b\u043e\u0441\u0441\u044f<br \/>\n\u25ab\ufe0f \u041f\u043e\u0440\u0438\u0441\u0442\u043e\u0457 \u0441\u0442\u0440\u0443\u043a\u0442\u0443\u0440\u0438<br \/>\n\u25ab\ufe0f \u0422\u0435\u0445\u043d\u0456\u043a, \u0434\u0435 \u043f\u043e\u0442\u0440\u0456\u0431\u043d\u043e \u0432\u0438\u0434\u0456\u043b\u044f\u0442\u0438 \u0448\u0438\u0440\u043e\u043a\u0456 \u043f\u0430\u0441\u043c\u0430<\/p>\n<p><strong>Jeszcze bardziej czyste i przewidywalne wyniki.<\/strong><\/p>","protected":false},"featured_media":4300,"comment_status":"open","ping_status":"closed","template":"","meta":[],"product_brand":[],"product_cat":[33],"product_tag":[],"class_list":{"0":"post-4268","1":"product","2":"type-product","3":"status-publish","4":"has-post-thumbnail","6":"product_cat-tisnena","8":"first","9":"instock","10":"shipping-taxable","11":"purchasable","12":"product-type-simple"},"_links":{"self":[{"href":"https:\/\/silverfoil.com.ua\/pl\/wp-json\/wp\/v2\/product\/4268","targetHints":{"allow":["GET"]}}],"collection":[{"href":"https:\/\/silverfoil.com.ua\/pl\/wp-json\/wp\/v2\/product"}],"about":[{"href":"https:\/\/silverfoil.com.ua\/pl\/wp-json\/wp\/v2\/types\/product"}],"replies":[{"embeddable":true,"href":"https:\/\/silverfoil.com.ua\/pl\/wp-json\/wp\/v2\/comments?post=4268"}],"wp:featuredmedia":[{"embeddable":true,"href":"https:\/\/silverfoil.com.ua\/pl\/wp-json\/wp\/v2\/media\/4300"}],"wp:attachment":[{"href":"https:\/\/silverfoil.com.ua\/pl\/wp-json\/wp\/v2\/media?parent=4268"}],"wp:term":[{"taxonomy":"product_brand","embeddable":true,"href":"https:\/\/silverfoil.com.ua\/pl\/wp-json\/wp\/v2\/product_brand?post=4268"},{"taxonomy":"product_cat","embeddable":true,"href":"https:\/\/silverfoil.com.ua\/pl\/wp-json\/wp\/v2\/product_cat?post=4268"},{"taxonomy":"product_tag","embeddable":true,"href":"https:\/\/silverfoil.com.ua\/pl\/wp-json\/wp\/v2\/product_tag?post=4268"}],"curies":[{"name":"wp","href":"https:\/\/api.w.org\/{rel}","templated":true}]}}