{"id":4242,"date":"2026-02-04T19:33:33","date_gmt":"2026-02-04T19:33:33","guid":{"rendered":"https:\/\/silverfoil.com.ua\/?post_type=product&#038;p=4242"},"modified":"2026-02-11T08:35:14","modified_gmt":"2026-02-11T08:35:14","slug":"folga-silverfoil-airstar-200-m-14-mk","status":"publish","type":"product","link":"https:\/\/silverfoil.com.ua\/pl\/produkt\/folga-silverfoil-airstar-200-m-14-mk\/","title":{"rendered":"Folia SILVERFOIL AirStar 200 m 14 \u00b5m"},"content":{"rendered":"<h3>SILVERFOIL AirStar<br \/>\n12 cm \/ 14 cm \/ 17,5 cm \u00d7 200 m \/ 14 mikron\u00f3w<\/h3>\n<p>AirStar to zaawansowana wersja folii falistej z ekskluzywnym jednostronnym t\u0142oczeniem w gwiazdki. Wn\u0119trze pozostaje idealnie g\u0142adkie. W jednej rolce otrzymujesz <strong>dwie r\u00f3\u017cne tekstury<\/strong>\u00a0dla r\u00f3\u017cnych zada\u0144 i\u00a0<strong>trzy szeroko\u015bci <\/strong>dla maksymalnej wszechstronno\u015bci.<\/p>\n<p class=\"ds-markdown-paragraph\"><strong>G\u0119sta i trwa\u0142a folia, kt\u00f3ra nie rozrywa si\u0119, doskonale zachowuje sw\u00f3j kszta\u0142t i wygl\u0105da premium.<\/strong>\u00a0Jest to idealne narz\u0119dzie do nowoczesnych technik, w kt\u00f3rych wa\u017cna jest kontrola, precyzja i estetyka.<\/p>\n<p class=\"ds-markdown-paragraph\">Nadaje si\u0119 do:<br \/>\n\u25ab\ufe0f Najwa\u017cniejsze informacje o Classic<br \/>\n\u25ab\ufe0f Balayage i shatush<br \/>\n\u25ab\ufe0f AirTouch<br \/>\n\u25ab\ufe0f Praca z d\u0142ugimi i g\u0119stymi pasmami<\/p>\n<p class=\"ds-markdown-paragraph\"><strong>SILVERFOIL AirStar - gdy wa\u017cna jest doskona\u0142o\u015b\u0107 techniczna, najwy\u017csza jako\u015b\u0107 i elastyczno\u015b\u0107 wyboru.<\/strong><\/p>","protected":false},"excerpt":{"rendered":"<h4>SILVERFOIL AirStar<br \/>\n12 cm \/ 14 cm \/ 17,5 cm \u00d7 200 m \/ 14 mikron\u00f3w<\/h4>\n<p class=\"ds-markdown-paragraph\"><strong>G\u0119sta i trwa\u0142a folia, kt\u00f3ra nie rozrywa si\u0119, doskonale zachowuje sw\u00f3j kszta\u0142t i wygl\u0105da premium.<\/strong>\u00a0Jest to idealne narz\u0119dzie do nowoczesnych technik, w kt\u00f3rych wa\u017cna jest kontrola, precyzja i estetyka.<\/p>\n<p class=\"ds-markdown-paragraph\">Nadaje si\u0119 do:<br \/>\n\u25ab\ufe0f Najwa\u017cniejsze informacje o Classic<br \/>\n\u25ab\ufe0f Balayage i shatush<br \/>\n\u25ab\ufe0f AirTouch<br \/>\n\u25ab\ufe0f Praca z d\u0142ugimi i g\u0119stymi pasmami<\/p>","protected":false},"featured_media":4243,"comment_status":"open","ping_status":"closed","template":"","meta":[],"product_brand":[],"product_cat":[34],"product_tag":[],"class_list":{"0":"post-4242","1":"product","2":"type-product","3":"status-publish","4":"has-post-thumbnail","6":"product_cat-riflena","8":"first","9":"instock","10":"shipping-taxable","11":"purchasable","12":"product-type-variable"},"_links":{"self":[{"href":"https:\/\/silverfoil.com.ua\/pl\/wp-json\/wp\/v2\/product\/4242","targetHints":{"allow":["GET"]}}],"collection":[{"href":"https:\/\/silverfoil.com.ua\/pl\/wp-json\/wp\/v2\/product"}],"about":[{"href":"https:\/\/silverfoil.com.ua\/pl\/wp-json\/wp\/v2\/types\/product"}],"replies":[{"embeddable":true,"href":"https:\/\/silverfoil.com.ua\/pl\/wp-json\/wp\/v2\/comments?post=4242"}],"wp:featuredmedia":[{"embeddable":true,"href":"https:\/\/silverfoil.com.ua\/pl\/wp-json\/wp\/v2\/media\/4243"}],"wp:attachment":[{"href":"https:\/\/silverfoil.com.ua\/pl\/wp-json\/wp\/v2\/media?parent=4242"}],"wp:term":[{"taxonomy":"product_brand","embeddable":true,"href":"https:\/\/silverfoil.com.ua\/pl\/wp-json\/wp\/v2\/product_brand?post=4242"},{"taxonomy":"product_cat","embeddable":true,"href":"https:\/\/silverfoil.com.ua\/pl\/wp-json\/wp\/v2\/product_cat?post=4242"},{"taxonomy":"product_tag","embeddable":true,"href":"https:\/\/silverfoil.com.ua\/pl\/wp-json\/wp\/v2\/product_tag?post=4242"}],"curies":[{"name":"wp","href":"https:\/\/api.w.org\/{rel}","templated":true}]}}