{"id":4220,"date":"2026-01-19T11:40:37","date_gmt":"2026-01-19T11:40:37","guid":{"rendered":"https:\/\/silverfoil.com.ua\/?post_type=product&#038;p=4220"},"modified":"2026-02-11T08:31:09","modified_gmt":"2026-02-11T08:31:09","slug":"nabir-ryflenoi-folhy-12-sm-200-m-13-mk","status":"publish","type":"product","link":"https:\/\/silverfoil.com.ua\/pl\/produkt\/nabir-ryflenoi-folhy-12-sm-200-m-13-mk\/","title":{"rendered":"Zestaw folii falistej 12 cm 200 m 13 \u00b5"},"content":{"rendered":"<h4>Zestaw folii falistej 3 rolki Srebrna folia<\/h4>\n<h5><strong data-start=\"65\" data-end=\"94\">12 cm \u00d7 200 m \/ 13 mikron\u00f3w<\/strong><\/h5>\n<p>Jest to kompletny zestaw roboczy dla koloryst\u00f3w, kt\u00f3rzy ceni\u0105 sobie czyst\u0105 technik\u0119, szybko\u015b\u0107 i kontrol\u0119 w ka\u017cdej kopercie. \u017bebrowana struktura pomaga folii lepiej zachowa\u0107 sw\u00f3j kszta\u0142t, zmniejsza po\u015blizg, a sama koperta jest szczelna i schludna nawet podczas ci\u0119\u017ckiej pracy.<\/p>\n<p>Folia nadaje si\u0119 do codziennych technik, takich jak podkre\u015blanie, tonowanie, praca na pasmach, praca z d\u0142ugo\u015bciami i ciasnymi sekcjami. Szeroko\u015b\u0107 12 cm jest uniwersalna do wi\u0119kszo\u015bci zada\u0144, a grubo\u015b\u0107 13 mikron\u00f3w zapewnia r\u00f3wnowag\u0119 mi\u0119dzy elastyczno\u015bci\u0105 a wytrzyma\u0142o\u015bci\u0105.<\/p>\n<p>W zestawie: <strong>3 rolki<\/strong><\/p>\n<p>\u25ab\ufe0f szeroko\u015b\u0107: 12 cm<br data-start=\"421\" data-end=\"424\" \/>\u25ab\ufe0f d\u0142ugo\u015b\u0107: 200 m<br data-start=\"442\" data-end=\"445\" \/>\u25ab\ufe0f grubo\u015b\u0107: 13 \u00b5m<br data-start=\"490\" data-end=\"493\" \/>\u25ab\ufe0f struktura: falista<\/p>\n<h5>Idealne rozwi\u0105zanie, gdy trzeba uzupe\u0142ni\u0107 zapasy bez wydawania du\u017cych pieni\u0119dzy - i mie\u0107 pod r\u0119k\u0105 foli\u0119 na wszystkie dni robocze.<\/h5>","protected":false},"excerpt":{"rendered":"<h3>Zestaw folii falistej 3 rolki<\/h3>\n<h4><strong data-start=\"65\" data-end=\"94\">12 cm \u00d7 200 m \/ 13 mikron\u00f3w<\/strong><\/h4>\n<p>\u017bebrowana struktura lepiej trzyma kopert\u0119, mniej si\u0119 \u015blizga i jest \u0142atwa w obs\u0142udze.<\/p>\n<p>Folia nadaje si\u0119 do codziennych technik, takich jak podkre\u015blanie, przyciemnianie, praca na pasmach, praca z d\u0142ugo\u015bciami i ciasnymi sekcjami. Szeroko\u015b\u0107 <strong>12 cm<\/strong> - jest uniwersalna dla wi\u0119kszo\u015bci zada\u0144, a <strong>13 mikron\u00f3w<\/strong> zapewnia r\u00f3wnowag\u0119 mi\u0119dzy plastyczno\u015bci\u0105 a wytrzyma\u0142o\u015bci\u0105.<\/p>","protected":false},"featured_media":4226,"comment_status":"open","ping_status":"closed","template":"","meta":[],"product_brand":[],"product_cat":[34,35],"product_tag":[],"class_list":{"0":"post-4220","1":"product","2":"type-product","3":"status-publish","4":"has-post-thumbnail","6":"product_cat-riflena","7":"product_cat-nabori","9":"first","10":"instock","11":"shipping-taxable","12":"purchasable","13":"product-type-simple"},"_links":{"self":[{"href":"https:\/\/silverfoil.com.ua\/pl\/wp-json\/wp\/v2\/product\/4220","targetHints":{"allow":["GET"]}}],"collection":[{"href":"https:\/\/silverfoil.com.ua\/pl\/wp-json\/wp\/v2\/product"}],"about":[{"href":"https:\/\/silverfoil.com.ua\/pl\/wp-json\/wp\/v2\/types\/product"}],"replies":[{"embeddable":true,"href":"https:\/\/silverfoil.com.ua\/pl\/wp-json\/wp\/v2\/comments?post=4220"}],"wp:featuredmedia":[{"embeddable":true,"href":"https:\/\/silverfoil.com.ua\/pl\/wp-json\/wp\/v2\/media\/4226"}],"wp:attachment":[{"href":"https:\/\/silverfoil.com.ua\/pl\/wp-json\/wp\/v2\/media?parent=4220"}],"wp:term":[{"taxonomy":"product_brand","embeddable":true,"href":"https:\/\/silverfoil.com.ua\/pl\/wp-json\/wp\/v2\/product_brand?post=4220"},{"taxonomy":"product_cat","embeddable":true,"href":"https:\/\/silverfoil.com.ua\/pl\/wp-json\/wp\/v2\/product_cat?post=4220"},{"taxonomy":"product_tag","embeddable":true,"href":"https:\/\/silverfoil.com.ua\/pl\/wp-json\/wp\/v2\/product_tag?post=4220"}],"curies":[{"name":"wp","href":"https:\/\/api.w.org\/{rel}","templated":true}]}}