{"id":4141,"date":"2025-12-10T08:08:32","date_gmt":"2025-12-10T08:08:32","guid":{"rendered":"https:\/\/silverfoil.com.ua\/?post_type=product&#038;p=4141"},"modified":"2026-01-29T10:39:01","modified_gmt":"2026-01-29T10:39:01","slug":"nabir-gladka-air-12-sm-200-m-14-mikron","status":"publish","type":"product","link":"https:\/\/silverfoil.com.ua\/pl\/produkt\/nabir-gladka-air-12-sm-200-m-14-mikron\/","title":{"rendered":"Zestaw \"Glaze + Air\" 12 cm 200 m 14 mikron\u00f3w"},"content":{"rendered":"<h3 data-start=\"0\" data-end=\"22\">Zestaw folii, kt\u00f3remu mo\u017cna zaufa\u0107 w ka\u017cdej pracy zwi\u0105zanej z koloryzacj\u0105<\/h3>\n<p data-start=\"0\" data-end=\"22\"><strong>12 cm \u00d7 200 m \/ 14 mikron\u00f3w<\/strong><\/p>\n<p data-start=\"85\" data-end=\"163\">Zestaw zawiera <strong>\u0434\u0432\u0456 \u0442\u0435\u043a\u0441\u0442\u0443\u0440\u0438<\/strong>pokrywaj\u0105cy wszystkie podstawowe potrzeby kolorysty:<\/p>\n<ul>\n<li data-start=\"165\" data-end=\"359\"><strong>AIR<\/strong> - Po\u0142\u0105czenie g\u0142adkich i wyt\u0142aczanych powierzchni w jednej rolce. Jest lekka, elastyczna i pozostaje tam, gdzie chcesz. Idealna do podkre\u015blania i koloryzacji cienkich pasm, gdy wa\u017cna jest precyzja i kontrola.<\/li>\n<li data-start=\"361\" data-end=\"556\"><strong>G\u0142adki<\/strong>\u00a0- elastyczna struktura o stabilnej g\u0119sto\u015bci. Jest \u0142atwa do z\u0142o\u017cenia, nie \u015blizga si\u0119 i bezpiecznie mocuje pasma. Grubo\u015b\u0107 14 mikron\u00f3w zapewnia wytrzyma\u0142o\u015b\u0107 i r\u00f3wnomierne nagrzewanie nawet cienkich w\u0142os\u00f3w.<\/li>\n<\/ul>\n<p>Nadaje si\u0119 do:<br data-start=\"403\" data-end=\"406\" \/>\u25ab\ufe0f <strong>Pod\u015bwietlanie<\/strong><br data-start=\"421\" data-end=\"424\" \/><strong>\u25ab\ufe0f Klasyczne techniki w folii<\/strong><br data-start=\"442\" data-end=\"445\" \/><strong>\u25ab\ufe0f Cienkie i delikatne pasma<\/strong><br data-start=\"490\" data-end=\"493\" \/><strong>\u25ab\ufe0f Podk\u0142ad i darmowe techniki<\/strong><\/p>\n<p>Jeden zestaw - dwie uzupe\u0142niaj\u0105ce si\u0119 tekstury. Wybierz odpowiedni\u0105 dla ka\u017cdego koloru.<\/p>","protected":false},"excerpt":{"rendered":"<h3><span style=\"color: #333333; font-size: 16px;\">Zestaw folii, kt\u00f3remu mo\u017cna zaufa\u0107 w ka\u017cdej pracy zwi\u0105zanej z koloryzacj\u0105<\/span><\/h3>\n<div class=\"text-base my-auto mx-auto pb-10 [--thread-content-margin:--spacing(4)] @w-sm\/main:[--thread-content-margin:--spacing(6)] @w-lg\/main:[--thread-content-margin:--spacing(16)] px-(--thread-content-margin)\">\n<div class=\"[--thread-content-max-width:40rem] @w-lg\/main:[--thread-content-max-width:48rem] mx-auto max-w-(--thread-content-max-width) flex-1 group\/turn-messages focus-visible:outline-hidden relative flex w-full min-w-0 flex-col agent-turn\" tabindex=\"-1\">\n<div class=\"flex max-w-full flex-col grow\">\n<div class=\"min-h-8 text-message relative flex w-full flex-col items-end gap-2 text-start break-words whitespace-normal [.text-message+&amp;]:mt-1\" dir=\"auto\" data-message-author-role=\"assistant\" data-message-id=\"da167d6e-a991-4e1a-a474-ec529ebb93a4\" data-message-model-slug=\"gpt-5-1\">\n<div class=\"flex w-full flex-col gap-1 empty:hidden first:pt-[1px]\">\n<div class=\"markdown prose dark:prose-invert w-full break-words dark markdown-new-styling\">\n<p data-start=\"54\" data-end=\"79\"><strong>12 cm \u00d7 200 m \/ 14 mikron\u00f3w<\/strong><\/p>\n<p data-start=\"81\" data-end=\"105\">Zestaw zawiera dwie tekstury:<\/p>\n<ul>\n<li><strong>AIR<\/strong> - g\u0142adka i wyt\u0142aczana w jednej rolce. Lekka, gi\u0119tka, pozostaje tam, gdzie chcesz.<\/li>\n<li><strong>G\u0142adki<\/strong> - Elastyczne, stabilne, antypo\u015blizgowe, \u015bci\u015ble przylegaj\u0105ce pasma. Grubo\u015b\u0107 14 mikron\u00f3w zapewnia r\u00f3wnomierne nagrzewanie.<\/li>\n<\/ul>\n<p data-start=\"300\" data-end=\"390\">Nadaje si\u0119 do:<br data-start=\"403\" data-end=\"406\" \/>\u25ab\ufe0f <strong>Pod\u015bwietlanie<\/strong><br data-start=\"421\" data-end=\"424\" \/><strong>\u25ab\ufe0f Klasyczne techniki w folii<\/strong><br data-start=\"442\" data-end=\"445\" \/><strong>\u25ab\ufe0f Cienkie i delikatne pasma<\/strong><br data-start=\"490\" data-end=\"493\" \/><strong>\u25ab\ufe0f Podk\u0142ad i darmowe techniki<\/strong><\/p>\n<\/div>\n<\/div>\n<\/div>\n<\/div>\n<\/div>\n<\/div>","protected":false},"featured_media":4152,"comment_status":"open","ping_status":"closed","template":"","meta":[],"product_brand":[],"product_cat":[35],"product_tag":[],"class_list":{"0":"post-4141","1":"product","2":"type-product","3":"status-publish","4":"has-post-thumbnail","6":"product_cat-nabori","8":"first","9":"instock","10":"shipping-taxable","11":"purchasable","12":"product-type-simple"},"_links":{"self":[{"href":"https:\/\/silverfoil.com.ua\/pl\/wp-json\/wp\/v2\/product\/4141","targetHints":{"allow":["GET"]}}],"collection":[{"href":"https:\/\/silverfoil.com.ua\/pl\/wp-json\/wp\/v2\/product"}],"about":[{"href":"https:\/\/silverfoil.com.ua\/pl\/wp-json\/wp\/v2\/types\/product"}],"replies":[{"embeddable":true,"href":"https:\/\/silverfoil.com.ua\/pl\/wp-json\/wp\/v2\/comments?post=4141"}],"wp:featuredmedia":[{"embeddable":true,"href":"https:\/\/silverfoil.com.ua\/pl\/wp-json\/wp\/v2\/media\/4152"}],"wp:attachment":[{"href":"https:\/\/silverfoil.com.ua\/pl\/wp-json\/wp\/v2\/media?parent=4141"}],"wp:term":[{"taxonomy":"product_brand","embeddable":true,"href":"https:\/\/silverfoil.com.ua\/pl\/wp-json\/wp\/v2\/product_brand?post=4141"},{"taxonomy":"product_cat","embeddable":true,"href":"https:\/\/silverfoil.com.ua\/pl\/wp-json\/wp\/v2\/product_cat?post=4141"},{"taxonomy":"product_tag","embeddable":true,"href":"https:\/\/silverfoil.com.ua\/pl\/wp-json\/wp\/v2\/product_tag?post=4141"}],"curies":[{"name":"wp","href":"https:\/\/api.w.org\/{rel}","templated":true}]}}