{"id":4096,"date":"2025-11-13T09:28:49","date_gmt":"2025-11-13T09:28:49","guid":{"rendered":"https:\/\/silverfoil.com.ua\/?post_type=product&#038;p=4096"},"modified":"2026-02-11T08:33:14","modified_gmt":"2026-02-11T08:33:14","slug":"rukavychky-nitrylovi-m","status":"publish","type":"product","link":"https:\/\/silverfoil.com.ua\/pl\/produkt\/rukavychky-nitrylovi-m\/","title":{"rendered":"R\u0119kawice nitrylowe"},"content":{"rendered":"<h3>R\u0119kawice nitrylowe MediOk - ochrona i komfort podczas malowania<\/h3>\n<p><strong>Rozmiar S, M<\/strong><\/p>\n<p data-start=\"243\" data-end=\"537\">Trwa\u0142e, elastyczne r\u0119kawice, kt\u00f3re nie rozrywaj\u0105 si\u0119 ani nie zsuwaj\u0105 nawet podczas pracy z g\u0119stymi barwnikami. Zapewniaj\u0105 pe\u0142n\u0105 ochron\u0119 sk\u00f3ry przed utleniaczami, tonerami, mieszankami wybielaj\u0105cymi, olejami, produktami kwasowymi i zasadowymi. Nie powoduj\u0105 podra\u017cnie\u0144, dobrze przylegaj\u0105 i zapewniaj\u0105 maksymaln\u0105 kontrol\u0119 ruch\u00f3w.<\/p>\n<p><strong data-start=\"695\" data-end=\"716\">Dlaczego nitryl?<\/strong><br \/>\n\u25ab\ufe0f Odporno\u015b\u0107 na chemikalia podczas malowania<br \/>\n\u25ab\ufe0f Nie rozrywa si\u0119 pod wp\u0142ywem napr\u0119\u017ce\u0144<br \/>\n\u25ab\ufe0f Nie wy\u015blizguje si\u0119 z palc\u00f3w<br \/>\n\u25ab\ufe0f Zachowuje czu\u0142o\u015b\u0107 i precyzj\u0119 ruch\u00f3w<\/p>","protected":false},"excerpt":{"rendered":"<h3>R\u0119kawice nitrylowe MediOk - ochrona i komfort podczas malowania<\/h3>\n<h5><strong>Rozmiar S, M<\/strong><\/h5>\n<p data-start=\"243\" data-end=\"537\">Trwa\u0142e, elastyczne r\u0119kawice, kt\u00f3re nie rozrywaj\u0105 si\u0119 ani nie zsuwaj\u0105 nawet podczas pracy z g\u0119stymi barwnikami. Zapewniaj\u0105 pe\u0142n\u0105 ochron\u0119 sk\u00f3ry przed utleniaczami, tonerami, mieszankami wybielaj\u0105cymi, olejami, produktami kwasowymi i zasadowymi. Nie powoduj\u0105 podra\u017cnie\u0144, dobrze przylegaj\u0105 i zapewniaj\u0105 maksymaln\u0105 kontrol\u0119 ruch\u00f3w.<\/p>\n<p><strong data-start=\"695\" data-end=\"716\">Dlaczego nitryl?<\/strong><br \/>\n\u25ab\ufe0f Odporno\u015b\u0107 na chemikalia podczas malowania<br \/>\n\u25ab\ufe0f Nie rozrywa si\u0119 pod wp\u0142ywem napr\u0119\u017ce\u0144<br \/>\n\u25ab\ufe0f Nie wy\u015blizguje si\u0119 z palc\u00f3w<br \/>\n\u25ab\ufe0f Zachowuje czu\u0142o\u015b\u0107 i precyzj\u0119 ruch\u00f3w<\/p>","protected":false},"featured_media":4156,"comment_status":"open","ping_status":"closed","template":"","meta":[],"product_brand":[],"product_cat":[49],"product_tag":[],"class_list":{"0":"post-4096","1":"product","2":"type-product","3":"status-publish","4":"has-post-thumbnail","6":"product_cat-rukavychky","8":"first","9":"instock","10":"shipping-taxable","11":"purchasable","12":"product-type-variable"},"_links":{"self":[{"href":"https:\/\/silverfoil.com.ua\/pl\/wp-json\/wp\/v2\/product\/4096","targetHints":{"allow":["GET"]}}],"collection":[{"href":"https:\/\/silverfoil.com.ua\/pl\/wp-json\/wp\/v2\/product"}],"about":[{"href":"https:\/\/silverfoil.com.ua\/pl\/wp-json\/wp\/v2\/types\/product"}],"replies":[{"embeddable":true,"href":"https:\/\/silverfoil.com.ua\/pl\/wp-json\/wp\/v2\/comments?post=4096"}],"wp:featuredmedia":[{"embeddable":true,"href":"https:\/\/silverfoil.com.ua\/pl\/wp-json\/wp\/v2\/media\/4156"}],"wp:attachment":[{"href":"https:\/\/silverfoil.com.ua\/pl\/wp-json\/wp\/v2\/media?parent=4096"}],"wp:term":[{"taxonomy":"product_brand","embeddable":true,"href":"https:\/\/silverfoil.com.ua\/pl\/wp-json\/wp\/v2\/product_brand?post=4096"},{"taxonomy":"product_cat","embeddable":true,"href":"https:\/\/silverfoil.com.ua\/pl\/wp-json\/wp\/v2\/product_cat?post=4096"},{"taxonomy":"product_tag","embeddable":true,"href":"https:\/\/silverfoil.com.ua\/pl\/wp-json\/wp\/v2\/product_tag?post=4096"}],"curies":[{"name":"wp","href":"https:\/\/api.w.org\/{rel}","templated":true}]}}