{"id":4035,"date":"2025-10-28T15:22:34","date_gmt":"2025-10-28T15:22:34","guid":{"rendered":"https:\/\/silverfoil.com.ua\/?post_type=product&#038;p=4035"},"modified":"2026-01-29T10:43:10","modified_gmt":"2026-01-29T10:43:10","slug":"folga-gladka-12-sm-200-m-14-mk","status":"publish","type":"product","link":"https:\/\/silverfoil.com.ua\/pl\/produkt\/folga-gladka-12-sm-200-m-14-mk\/","title":{"rendered":"G\u0142adka folia 12 cm 200 m 14 mikron\u00f3w"},"content":{"rendered":"<h3>Srebrna folia g\u0142adka 12 cm \u00d7 200 m \u00d7 14 \u00b5m<\/h3>\n<p><strong>12 cm \u00d7 200 m \/ 14 mikron\u00f3w<\/strong><br \/>\nG\u0142adka powierzchnia<\/p>\n<p>Profesjonalna folia aluminiowa o stabilnej g\u0119sto\u015bci i r\u00f3wnomiernej teksturze.<br data-start=\"203\" data-end=\"206\" \/>Mi\u0119kka, elastyczna, \u0142atwa do z\u0142o\u017cenia bez sklejania, nie zsuwa si\u0119 i mocno mocuje pasma.<br data-start=\"291\" data-end=\"294\" \/>Grubo\u015b\u0107 14 mikron\u00f3w zapewnia trwa\u0142o\u015b\u0107 i r\u00f3wnomierne nagrzewanie nawet podczas pracy z cienkimi lub porowatymi w\u0142osami.<\/p>\n<p>Odpowiedni dla: koloryst\u00f3w, kt\u00f3rzy pracuj\u0105 z pasemkami, klasycznymi technikami w folii, cienkimi pasmami i u\u017cywaj\u0105 folii jako podk\u0142adu do swobodnych technik.<\/p>","protected":false},"excerpt":{"rendered":"<h5 data-start=\"36\" data-end=\"82\"><strong>\u0424\u043e\u043b\u044c\u0433\u0430 \u0433\u043b\u0430\u0434\u043a\u0430 Silver Foil<\/strong><br data-start=\"50\" data-end=\"53\" \/><strong data-start=\"53\" data-end=\"82\">12 cm \u00d7 200 m \/ 14 mikron\u00f3w<\/strong><\/h5>\n<p data-start=\"0\" data-end=\"227\">G\u0142adka, elastyczna folia o stabilnej g\u0119sto\u015bci.<br data-start=\"96\" data-end=\"99\" \/>Jest \u0142atwa do z\u0142o\u017cenia, nie zsuwa si\u0119 i mocno mocuje pasma.<br data-start=\"149\" data-end=\"152\" \/>Grubo\u015b\u0107 14 mikron\u00f3w zapewnia wytrzyma\u0142o\u015b\u0107 i r\u00f3wnomierne nagrzewanie nawet w przypadku cienkich w\u0142os\u00f3w.<\/p>\n<p data-start=\"229\" data-end=\"329\" data-is-last-node=\"\" data-is-only-node=\"\"><strong data-start=\"229\" data-end=\"247\">Odpowiedni dla:<\/strong> Podkre\u015blenia, klasyczne techniki foliowe, cienkie pasma, podk\u0142ad do technik swobodnych.<\/p>","protected":false},"featured_media":4037,"comment_status":"open","ping_status":"closed","template":"","meta":[],"product_brand":[],"product_cat":[34,33],"product_tag":[],"class_list":{"0":"post-4035","1":"product","2":"type-product","3":"status-publish","4":"has-post-thumbnail","6":"product_cat-riflena","7":"product_cat-tisnena","9":"first","10":"instock","11":"shipping-taxable","12":"purchasable","13":"product-type-simple"},"_links":{"self":[{"href":"https:\/\/silverfoil.com.ua\/pl\/wp-json\/wp\/v2\/product\/4035","targetHints":{"allow":["GET"]}}],"collection":[{"href":"https:\/\/silverfoil.com.ua\/pl\/wp-json\/wp\/v2\/product"}],"about":[{"href":"https:\/\/silverfoil.com.ua\/pl\/wp-json\/wp\/v2\/types\/product"}],"replies":[{"embeddable":true,"href":"https:\/\/silverfoil.com.ua\/pl\/wp-json\/wp\/v2\/comments?post=4035"}],"wp:featuredmedia":[{"embeddable":true,"href":"https:\/\/silverfoil.com.ua\/pl\/wp-json\/wp\/v2\/media\/4037"}],"wp:attachment":[{"href":"https:\/\/silverfoil.com.ua\/pl\/wp-json\/wp\/v2\/media?parent=4035"}],"wp:term":[{"taxonomy":"product_brand","embeddable":true,"href":"https:\/\/silverfoil.com.ua\/pl\/wp-json\/wp\/v2\/product_brand?post=4035"},{"taxonomy":"product_cat","embeddable":true,"href":"https:\/\/silverfoil.com.ua\/pl\/wp-json\/wp\/v2\/product_cat?post=4035"},{"taxonomy":"product_tag","embeddable":true,"href":"https:\/\/silverfoil.com.ua\/pl\/wp-json\/wp\/v2\/product_tag?post=4035"}],"curies":[{"name":"wp","href":"https:\/\/api.w.org\/{rel}","templated":true}]}}