{"id":3366,"date":"2025-09-05T08:49:40","date_gmt":"2025-09-05T08:49:40","guid":{"rendered":"https:\/\/silverfoil.com.ua\/?post_type=product&#038;p=3366"},"modified":"2026-03-24T09:18:20","modified_gmt":"2026-03-24T09:18:20","slug":"nabir-karbonovyh-planshetiv","status":"publish","type":"product","link":"https:\/\/silverfoil.com.ua\/pl\/produkt\/nabir-karbonovyh-planshetiv\/","title":{"rendered":"Zestaw tabletek w\u0119glowych"},"content":{"rendered":"<h4 data-start=\"379\" data-end=\"619\"><strong>Zestaw trzech p\u0142yt w\u0119glowych (30, 40 i 50 cm)<\/strong> - to praktyczny i op\u0142acalny wyb\u00f3r dla profesjonalnych koloryst\u00f3w. Dzi\u0119ki trzem rozmiarom w zestawie mo\u017cesz pracowa\u0107 z ka\u017cd\u0105 d\u0142ugo\u015bci\u0105 w\u0142os\u00f3w - od kr\u00f3tkich ci\u0119\u0107 po d\u0142ugie loki.<\/h4>\n<p data-start=\"621\" data-end=\"796\">Ka\u017cda tabletka ma zaledwie 0,06 mm grubo\u015bci, dzi\u0119ki czemu jest lekka i \u0142atwa w obs\u0142udze, a jednocze\u015bnie solidna i trwa\u0142a. Dwie powierzchnie robocze sprawiaj\u0105, \u017ce jest to wszechstronne narz\u0119dzie:<\/p>\n<ul data-start=\"797\" data-end=\"931\">\n<li data-start=\"797\" data-end=\"858\">\n<p data-start=\"799\" data-end=\"858\"><strong data-start=\"799\" data-end=\"817\">g\u0142adka strona<\/strong> - dla r\u00f3wnomiernej aplikacji barwnika;<\/p>\n<\/li>\n<li data-start=\"859\" data-end=\"931\">\n<p data-start=\"861\" data-end=\"931\"><strong data-start=\"861\" data-end=\"880\">szerszy bok<\/strong> - dla niezawodnego utrwalenia pasm podczas barwienia.<\/p>\n<\/li>\n<\/ul>\n<p data-start=\"933\" data-end=\"951\">Zalety zestawu:<\/p>\n<ul data-start=\"952\" data-end=\"1142\">\n<li data-start=\"952\" data-end=\"1007\">\n<p data-start=\"954\" data-end=\"1007\">oszcz\u0119dno\u015bci w por\u00f3wnaniu z zakupem oddzielnych tablet\u00f3w;<\/p>\n<\/li>\n<li data-start=\"1008\" data-end=\"1067\">\n<p data-start=\"1010\" data-end=\"1067\">gotowe rozwi\u0105zanie dla wszystkich styl\u00f3w i d\u0142ugo\u015bci w\u0142os\u00f3w;<\/p>\n<\/li>\n<li data-start=\"1068\" data-end=\"1142\">\n<p data-start=\"1070\" data-end=\"1142\">Trwa\u0142e narz\u0119dzie, kt\u00f3re mo\u017ce wytrzyma\u0107 codzienne profesjonalne u\u017cytkowanie.<\/p>\n<\/li>\n<\/ul>\n<p data-start=\"1144\" data-end=\"1269\">Zestaw ten pozwala pracowa\u0107 szybciej, wygodniej i wydajniej, czyni\u0105c malowanie tak kontrolowanym i komfortowym, jak to tylko mo\u017cliwe.<\/p>","protected":false},"excerpt":{"rendered":"<h4><strong>Zestaw trzech p\u0142yt w\u0119glowych (30, 40 i 50 cm, szeroko\u015b\u0107 13 cm, grubo\u015b\u0107 0,06 mm)<\/strong>.<\/h4>\n<p>Lekkie, wytrzyma\u0142e i odporne na chemikalia. G\u0142adkie i szersze boki zapewniaj\u0105 wygod\u0119 i precyzj\u0119. Ekonomiczne rozwi\u0105zanie dla profesjonalnych koloryst\u00f3w.<\/p>","protected":false},"featured_media":3817,"comment_status":"open","ping_status":"closed","template":"","meta":[],"product_brand":[],"product_cat":[41,35],"product_tag":[],"class_list":{"0":"post-3366","1":"product","2":"type-product","3":"status-publish","4":"has-post-thumbnail","6":"product_cat-karbonovi-planshety","7":"product_cat-nabori","9":"first","10":"instock","11":"shipping-taxable","12":"purchasable","13":"product-type-simple"},"_links":{"self":[{"href":"https:\/\/silverfoil.com.ua\/pl\/wp-json\/wp\/v2\/product\/3366","targetHints":{"allow":["GET"]}}],"collection":[{"href":"https:\/\/silverfoil.com.ua\/pl\/wp-json\/wp\/v2\/product"}],"about":[{"href":"https:\/\/silverfoil.com.ua\/pl\/wp-json\/wp\/v2\/types\/product"}],"replies":[{"embeddable":true,"href":"https:\/\/silverfoil.com.ua\/pl\/wp-json\/wp\/v2\/comments?post=3366"}],"wp:featuredmedia":[{"embeddable":true,"href":"https:\/\/silverfoil.com.ua\/pl\/wp-json\/wp\/v2\/media\/3817"}],"wp:attachment":[{"href":"https:\/\/silverfoil.com.ua\/pl\/wp-json\/wp\/v2\/media?parent=3366"}],"wp:term":[{"taxonomy":"product_brand","embeddable":true,"href":"https:\/\/silverfoil.com.ua\/pl\/wp-json\/wp\/v2\/product_brand?post=3366"},{"taxonomy":"product_cat","embeddable":true,"href":"https:\/\/silverfoil.com.ua\/pl\/wp-json\/wp\/v2\/product_cat?post=3366"},{"taxonomy":"product_tag","embeddable":true,"href":"https:\/\/silverfoil.com.ua\/pl\/wp-json\/wp\/v2\/product_tag?post=3366"}],"curies":[{"name":"wp","href":"https:\/\/api.w.org\/{rel}","templated":true}]}}