{"id":3362,"date":"2025-09-05T08:24:13","date_gmt":"2025-09-05T08:24:13","guid":{"rendered":"https:\/\/silverfoil.com.ua\/?post_type=product&#038;p=3362"},"modified":"2026-01-20T14:40:20","modified_gmt":"2026-01-20T14:40:20","slug":"karbonovyj-planshet-40sm","status":"publish","type":"product","link":"https:\/\/silverfoil.com.ua\/pl\/produkt\/karbonovyj-planshet-40sm\/","title":{"rendered":"Tabletka w\u0119glowa 40 cm"},"content":{"rendered":"<p data-start=\"1117\" data-end=\"1323\"><strong>\u041a\u0430\u0440\u0431\u043e\u043d\u043e\u0432\u0438\u0439 \u043f\u043b\u0430\u043d\u0448\u0435\u0442 40 \u0441\u043c<\/strong> \u2014 \u043d\u0430\u0439\u0437\u0440\u0443\u0447\u043d\u0456\u0448\u0438\u0439 \u0443\u043d\u0456\u0432\u0435\u0440\u0441\u0430\u043b\u044c\u043d\u0438\u0439 \u0432\u0430\u0440\u0456\u0430\u043d\u0442 \u0434\u043b\u044f \u043a\u043e\u043b\u043e\u0440\u0438\u0441\u0442\u0456\u0432. \u0412\u0456\u043d \u0434\u043e\u0441\u0442\u0430\u0442\u043d\u044c\u043e \u0434\u043e\u0432\u0433\u0438\u0439 \u0434\u043b\u044f \u0440\u043e\u0431\u043e\u0442\u0438 \u0437 \u0432\u043e\u043b\u043e\u0441\u0441\u044f\u043c \u0441\u0435\u0440\u0435\u0434\u043d\u044c\u043e\u0457 \u0442\u0430 \u0431\u0456\u043b\u044c\u0448\u043e\u0457 \u0434\u043e\u0432\u0436\u0438\u043d\u0438, \u0430\u043b\u0435 \u0432\u043e\u0434\u043d\u043e\u0447\u0430\u0441 \u0437\u0430\u043b\u0438\u0448\u0430\u0454\u0442\u044c\u0441\u044f \u043b\u0435\u0433\u043a\u0438\u043c \u0442\u0430 \u043f\u0440\u0430\u043a\u0442\u0438\u0447\u043d\u0438\u043c.<\/p>\n<ul data-start=\"1324\" data-end=\"1453\">\n<li data-start=\"1324\" data-end=\"1383\">\n<p data-start=\"1326\" data-end=\"1383\"><strong data-start=\"1326\" data-end=\"1344\">G\u0142adka strona<\/strong> \u0434\u043e\u043f\u043e\u043c\u0430\u0433\u0430\u0454 \u0440\u0456\u0432\u043d\u043e\u043c\u0456\u0440\u043d\u043e \u043d\u0430\u043d\u043e\u0441\u0438\u0442\u0438 \u0431\u0430\u0440\u0432\u043d\u0438\u043a.<\/p>\n<\/li>\n<li data-start=\"1384\" data-end=\"1453\">\n<p data-start=\"1386\" data-end=\"1453\"><strong data-start=\"1386\" data-end=\"1405\">Szerszy bok<\/strong> \u0443\u0442\u0440\u0438\u043c\u0443\u0454 \u043f\u0430\u0441\u043c\u043e, \u043f\u0440\u0438\u0441\u043a\u043e\u0440\u044e\u044e\u0447\u0438 \u043f\u0440\u043e\u0446\u0435\u0441 \u0444\u0430\u0440\u0431\u0443\u0432\u0430\u043d\u043d\u044f.<\/p>\n<\/li>\n<\/ul>\n<p data-start=\"1455\" data-end=\"1664\">\u041a\u0430\u0440\u0431\u043e\u043d \u043d\u0435 \u043b\u0438\u0448\u0435 \u043d\u0430\u0434\u0430\u0454 \u043f\u043b\u0430\u043d\u0448\u0435\u0442\u0443 \u043b\u0435\u0433\u043a\u043e\u0441\u0442\u0456, \u0430\u043b\u0435 \u0439 \u0440\u043e\u0431\u0438\u0442\u044c \u0439\u043e\u0433\u043e \u0432\u0438\u0442\u0440\u0438\u0432\u0430\u043b\u0438\u043c \u0442\u0430 \u0441\u0442\u0456\u0439\u043a\u0438\u043c \u0434\u043e \u0444\u0430\u0440\u0431 \u0456 \u0432\u043f\u043b\u0438\u0432\u0443 \u0456\u043d\u0441\u0442\u0440\u0443\u043c\u0435\u043d\u0442\u0456\u0432. \u0417 \u0446\u0438\u043c \u043f\u043b\u0430\u043d\u0448\u0435\u0442\u043e\u043c \u0440\u043e\u0431\u043e\u0442\u0430 \u0441\u0442\u0430\u0454 \u0448\u0432\u0438\u0434\u0448\u043e\u044e \u0442\u0430 \u043b\u0435\u0433\u0448\u043e\u044e, \u0430 \u0440\u0435\u0437\u0443\u043b\u044c\u0442\u0430\u0442 \u2014 \u043f\u0435\u0440\u0435\u0434\u0431\u0430\u0447\u0443\u0432\u0430\u043d\u043e \u0447\u0438\u0441\u0442\u0438\u043c \u0456 \u043f\u0440\u043e\u0444\u0435\u0441\u0456\u0439\u043d\u0438\u043c.<\/p>","protected":false},"excerpt":{"rendered":"<p><strong>Kalka 40\u00d713 cm,<\/strong> grubo\u015b\u0107 0,06 mm. Jest to uniwersalny rozmiar dla wi\u0119kszo\u015bci technik. G\u0142adka i szersza powierzchnia zapewnia kontrol\u0119 i komfort podczas pracy.<\/p>","protected":false},"featured_media":3819,"comment_status":"open","ping_status":"closed","template":"","meta":[],"product_brand":[],"product_cat":[41],"product_tag":[],"class_list":{"0":"post-3362","1":"product","2":"type-product","3":"status-publish","4":"has-post-thumbnail","6":"product_cat-karbonovi-planshety","8":"first","9":"instock","10":"shipping-taxable","11":"purchasable","12":"product-type-simple"},"_links":{"self":[{"href":"https:\/\/silverfoil.com.ua\/pl\/wp-json\/wp\/v2\/product\/3362","targetHints":{"allow":["GET"]}}],"collection":[{"href":"https:\/\/silverfoil.com.ua\/pl\/wp-json\/wp\/v2\/product"}],"about":[{"href":"https:\/\/silverfoil.com.ua\/pl\/wp-json\/wp\/v2\/types\/product"}],"replies":[{"embeddable":true,"href":"https:\/\/silverfoil.com.ua\/pl\/wp-json\/wp\/v2\/comments?post=3362"}],"wp:featuredmedia":[{"embeddable":true,"href":"https:\/\/silverfoil.com.ua\/pl\/wp-json\/wp\/v2\/media\/3819"}],"wp:attachment":[{"href":"https:\/\/silverfoil.com.ua\/pl\/wp-json\/wp\/v2\/media?parent=3362"}],"wp:term":[{"taxonomy":"product_brand","embeddable":true,"href":"https:\/\/silverfoil.com.ua\/pl\/wp-json\/wp\/v2\/product_brand?post=3362"},{"taxonomy":"product_cat","embeddable":true,"href":"https:\/\/silverfoil.com.ua\/pl\/wp-json\/wp\/v2\/product_cat?post=3362"},{"taxonomy":"product_tag","embeddable":true,"href":"https:\/\/silverfoil.com.ua\/pl\/wp-json\/wp\/v2\/product_tag?post=3362"}],"curies":[{"name":"wp","href":"https:\/\/api.w.org\/{rel}","templated":true}]}}