{"id":3360,"date":"2025-09-05T08:18:43","date_gmt":"2025-09-05T08:18:43","guid":{"rendered":"https:\/\/silverfoil.com.ua\/?post_type=product&#038;p=3360"},"modified":"2026-01-20T14:40:58","modified_gmt":"2026-01-20T14:40:58","slug":"karbonovyj-planshet-30sm","status":"publish","type":"product","link":"https:\/\/silverfoil.com.ua\/pl\/produkt\/karbonovyj-planshet-30sm\/","title":{"rendered":"Tabletka w\u0119glowa 30 cm"},"content":{"rendered":"<p data-start=\"328\" data-end=\"564\"><strong>\u041a\u0430\u0440\u0431\u043e\u043d\u043e\u0432\u0438\u0439 \u043f\u043b\u0430\u043d\u0448\u0435\u0442 \u0434\u043e\u0432\u0436\u0438\u043d\u043e\u044e 30 \u0441\u043c<\/strong> \u2014 \u043a\u043e\u043c\u043f\u0430\u043a\u0442\u043d\u0438\u0439 \u043f\u043e\u043c\u0456\u0447\u043d\u0438\u043a \u0434\u043b\u044f \u0440\u043e\u0431\u043e\u0442\u0438 \u0437 \u043a\u043e\u0440\u043e\u0442\u043a\u0438\u043c \u0456 \u0441\u0435\u0440\u0435\u0434\u043d\u0456\u043c \u0432\u043e\u043b\u043e\u0441\u0441\u044f\u043c. \u0417\u0430\u0432\u0434\u044f\u043a\u0438 \u0442\u043e\u0432\u0449\u0438\u043d\u0456 \u043b\u0438\u0448\u0435 0,06 \u043c\u043c \u0432\u0456\u043d \u043f\u0440\u0430\u043a\u0442\u0438\u0447\u043d\u043e \u043d\u0435 \u0432\u0456\u0434\u0447\u0443\u0432\u0430\u0454\u0442\u044c\u0441\u044f \u0443 \u0440\u0443\u0446\u0456, \u0430\u043b\u0435 \u043f\u0440\u0438 \u0446\u044c\u043e\u043c\u0443 \u0437\u0431\u0435\u0440\u0456\u0433\u0430\u0454 \u0436\u043e\u0440\u0441\u0442\u043a\u0456\u0441\u0442\u044c \u0456 \u0434\u043e\u0432\u0433\u043e\u0432\u0456\u0447\u043d\u0456\u0441\u0442\u044c.<\/p>\n<ul data-start=\"565\" data-end=\"702\">\n<li data-start=\"565\" data-end=\"629\">\n<p data-start=\"567\" data-end=\"629\"><strong data-start=\"567\" data-end=\"585\">G\u0142adka strona<\/strong> \u0437\u0430\u0431\u0435\u0437\u043f\u0435\u0447\u0443\u0454 \u0440\u0456\u0432\u043d\u043e\u043c\u0456\u0440\u043d\u0435 \u043d\u0430\u043d\u0435\u0441\u0435\u043d\u043d\u044f \u0431\u0430\u0440\u0432\u043d\u0438\u043a\u0430.<\/p>\n<\/li>\n<li data-start=\"630\" data-end=\"702\">\n<p data-start=\"632\" data-end=\"702\"><strong data-start=\"632\" data-end=\"651\">Szerszy bok<\/strong> \u043d\u0430\u0434\u0456\u0439\u043d\u043e \u0444\u0456\u043a\u0441\u0443\u0454 \u043f\u0430\u0441\u043c\u043e, \u043f\u043e\u043b\u0435\u0433\u0448\u0443\u044e\u0447\u0438 \u0440\u043e\u0431\u043e\u0442\u0443 \u043c\u0430\u0439\u0441\u0442\u0440\u0430.<\/p>\n<\/li>\n<\/ul>\n<p data-start=\"704\" data-end=\"914\">\u041a\u0430\u0440\u0431\u043e\u043d \u0441\u0442\u0456\u0439\u043a\u0438\u0439 \u0434\u043e \u0445\u0456\u043c\u0456\u0447\u043d\u0438\u0445 \u0437\u0430\u0441\u043e\u0431\u0456\u0432 \u0456 \u043c\u0435\u0445\u0430\u043d\u0456\u0447\u043d\u0438\u0445 \u043f\u043e\u0448\u043a\u043e\u0434\u0436\u0435\u043d\u044c, \u0442\u043e\u043c\u0443 \u043f\u043b\u0430\u043d\u0448\u0435\u0442 \u043f\u0440\u043e\u0441\u043b\u0443\u0436\u0438\u0442\u044c \u0434\u043e\u0432\u0433\u043e \u043d\u0430\u0432\u0456\u0442\u044c \u0443 \u0449\u043e\u0434\u0435\u043d\u043d\u0456\u0439 \u0440\u043e\u0431\u043e\u0442\u0456. \u0426\u0435 \u0456\u043d\u0441\u0442\u0440\u0443\u043c\u0435\u043d\u0442, \u044f\u043a\u0438\u0439 \u0434\u043e\u043f\u043e\u043c\u0430\u0433\u0430\u0454 \u0444\u0430\u0440\u0431\u0443\u0432\u0430\u0442\u0438 \u0432\u043e\u043b\u043e\u0441\u0441\u044f \u0448\u0432\u0438\u0434\u0448\u0435, \u0442\u043e\u0447\u043d\u0456\u0448\u0435 \u0442\u0430 \u0437 \u043c\u0430\u043a\u0441\u0438\u043c\u0430\u043b\u044c\u043d\u0438\u043c \u043a\u043e\u043c\u0444\u043e\u0440\u0442\u043e\u043c.<\/p>","protected":false},"excerpt":{"rendered":"<p><strong>Tabletka w\u0119glowa 30\u00d713 cm<\/strong>Grubo\u015b\u0107 wynosi 0,06 mm. Jest lekki i \u0142atwy w obs\u0142udze, ma g\u0142adk\u0105 i szersz\u0105 stron\u0119. Idealnie nadaje si\u0119 do precyzyjnej koloryzacji kr\u00f3tkich i \u015brednich w\u0142os\u00f3w.<\/p>","protected":false},"featured_media":3820,"comment_status":"open","ping_status":"closed","template":"","meta":[],"product_brand":[],"product_cat":[41],"product_tag":[],"class_list":{"0":"post-3360","1":"product","2":"type-product","3":"status-publish","4":"has-post-thumbnail","6":"product_cat-karbonovi-planshety","8":"first","9":"instock","10":"shipping-taxable","11":"purchasable","12":"product-type-simple"},"_links":{"self":[{"href":"https:\/\/silverfoil.com.ua\/pl\/wp-json\/wp\/v2\/product\/3360","targetHints":{"allow":["GET"]}}],"collection":[{"href":"https:\/\/silverfoil.com.ua\/pl\/wp-json\/wp\/v2\/product"}],"about":[{"href":"https:\/\/silverfoil.com.ua\/pl\/wp-json\/wp\/v2\/types\/product"}],"replies":[{"embeddable":true,"href":"https:\/\/silverfoil.com.ua\/pl\/wp-json\/wp\/v2\/comments?post=3360"}],"wp:featuredmedia":[{"embeddable":true,"href":"https:\/\/silverfoil.com.ua\/pl\/wp-json\/wp\/v2\/media\/3820"}],"wp:attachment":[{"href":"https:\/\/silverfoil.com.ua\/pl\/wp-json\/wp\/v2\/media?parent=3360"}],"wp:term":[{"taxonomy":"product_brand","embeddable":true,"href":"https:\/\/silverfoil.com.ua\/pl\/wp-json\/wp\/v2\/product_brand?post=3360"},{"taxonomy":"product_cat","embeddable":true,"href":"https:\/\/silverfoil.com.ua\/pl\/wp-json\/wp\/v2\/product_cat?post=3360"},{"taxonomy":"product_tag","embeddable":true,"href":"https:\/\/silverfoil.com.ua\/pl\/wp-json\/wp\/v2\/product_tag?post=3360"}],"curies":[{"name":"wp","href":"https:\/\/api.w.org\/{rel}","templated":true}]}}