{"id":3177,"date":"2025-07-07T09:29:06","date_gmt":"2025-07-07T09:29:06","guid":{"rendered":"https:\/\/silverfoil.com.ua\/?post_type=product&#038;p=3177"},"modified":"2026-02-17T09:32:53","modified_gmt":"2026-02-17T09:32:53","slug":"folga-vakuumnogo-tisnennya-14-sm-200m-15-mikron","status":"publish","type":"product","link":"https:\/\/silverfoil.com.ua\/pl\/produkt\/folga-vakuumnogo-tisnennya-14-sm-200m-15-mikron\/","title":{"rendered":"Folia prasowana pr\u00f3\u017cniowo 14 cm 200 m 15 mikron\u00f3w"},"content":{"rendered":"<h3><strong>Folia z zielonym nadrukiem<\/strong>\u00a0- Precyzja, mi\u0119kko\u015b\u0107 i kontrola<\/h3>\n<p><strong>14 cm \u00d7 200 m \/ 15 mikron\u00f3w<\/strong><br \/>\n<strong>T\u0142oczenie pr\u00f3\u017cniowe<\/strong><\/p>\n<p>Folia o g\u0119stej, jednolitej teksturze dzi\u0119ki\u00a0<strong>wyt\u0142aczanie pr\u00f3\u017cniowe<\/strong>.<br \/>\n<strong>Mi\u0119kki<\/strong>,\u00a0<strong>elastyczny<\/strong>Jest \u0142atwa do z\u0142o\u017cenia, nie zsuwa si\u0119, zachowuje sw\u00f3j kszta\u0142t i mocno mocuje pasma.<br \/>\nGrubo\u015b\u0107\u00a0<strong>15 mikron\u00f3w<\/strong>\u00a0daje pewno\u015b\u0107 nawet przy pracy z cienkimi lub porowatymi w\u0142osami.<\/p>\n<p>Nadaje si\u0119 do:<br \/>\n\u25ab\ufe0f AirTouch<br \/>\n\u041c\u0435\u043b\ufe0f pasemka<br \/>\n\u25ab\ufe0f Shatush<br \/>\n\u25ab\ufe0f Balayage<\/p>\n<p><strong>Zielona etykieta - gdy potrzebujesz elastyczno\u015bci, przejrzysto\u015bci i sp\u00f3jnych wynik\u00f3w.<\/strong><\/p>","protected":false},"excerpt":{"rendered":"<h4><strong>Folia z zielonym nadrukiem<\/strong><br \/>\n<strong>14 cm \u00d7 200 m \/ 15 mikron\u00f3w<\/strong><\/h4>\n<p>Mi\u0119kka, elastyczna folia t\u0142oczona pr\u00f3\u017cniowo.<br \/>\nNie \u015blizga si\u0119 i dobrze trzyma kszta\u0142t.<br \/>\nIdealny do AirTouch, pasemek, shatush i balayage.<\/p>","protected":false},"featured_media":3865,"comment_status":"open","ping_status":"closed","template":"","meta":[],"product_brand":[],"product_cat":[33],"product_tag":[],"class_list":{"0":"post-3177","1":"product","2":"type-product","3":"status-publish","4":"has-post-thumbnail","6":"product_cat-tisnena","8":"first","9":"instock","10":"shipping-taxable","11":"purchasable","12":"product-type-simple"},"_links":{"self":[{"href":"https:\/\/silverfoil.com.ua\/pl\/wp-json\/wp\/v2\/product\/3177","targetHints":{"allow":["GET"]}}],"collection":[{"href":"https:\/\/silverfoil.com.ua\/pl\/wp-json\/wp\/v2\/product"}],"about":[{"href":"https:\/\/silverfoil.com.ua\/pl\/wp-json\/wp\/v2\/types\/product"}],"replies":[{"embeddable":true,"href":"https:\/\/silverfoil.com.ua\/pl\/wp-json\/wp\/v2\/comments?post=3177"}],"wp:featuredmedia":[{"embeddable":true,"href":"https:\/\/silverfoil.com.ua\/pl\/wp-json\/wp\/v2\/media\/3865"}],"wp:attachment":[{"href":"https:\/\/silverfoil.com.ua\/pl\/wp-json\/wp\/v2\/media?parent=3177"}],"wp:term":[{"taxonomy":"product_brand","embeddable":true,"href":"https:\/\/silverfoil.com.ua\/pl\/wp-json\/wp\/v2\/product_brand?post=3177"},{"taxonomy":"product_cat","embeddable":true,"href":"https:\/\/silverfoil.com.ua\/pl\/wp-json\/wp\/v2\/product_cat?post=3177"},{"taxonomy":"product_tag","embeddable":true,"href":"https:\/\/silverfoil.com.ua\/pl\/wp-json\/wp\/v2\/product_tag?post=3177"}],"curies":[{"name":"wp","href":"https:\/\/api.w.org\/{rel}","templated":true}]}}