{"id":3139,"date":"2025-06-17T16:47:31","date_gmt":"2025-06-17T16:47:31","guid":{"rendered":"https:\/\/silverfoil.com.ua\/?post_type=product&#038;p=3139"},"modified":"2026-02-17T12:19:19","modified_gmt":"2026-02-17T12:19:19","slug":"folga-tisnenna-12-sm-200-m-15-mikron","status":"publish","type":"product","link":"https:\/\/silverfoil.com.ua\/pl\/produkt\/folga-tisnenna-12-sm-200-m-15-mikron\/","title":{"rendered":"Folia t\u0142oczona 12 cm 200 m 15 mikron\u00f3w"},"content":{"rendered":"<p>&nbsp;<\/p>\n<h3><strong>Folia z \u017c\u00f3\u0142t\u0105 etykiet\u0105<\/strong> - gdy trzeba niezawodnie<\/h3>\n<p><strong>12 cm \u00d7 200 m \/ 15 mikron\u00f3w<\/strong><\/p>\n<p>Jest to wyt\u0142aczana folia o zwi\u0119kszonej grubo\u015bci <strong>15 mikron\u00f3w<\/strong>Narz\u0119dzie jest wybierane przez mistrz\u00f3w do najtrudniejszych zada\u0144.<br \/>\nWytrzymuje ciep\u0142o, wilgo\u0107, g\u0119st\u0105 tkanin\u0119 i d\u0142ugie procedury - nie rozdziera si\u0119, nie przesuwa i zachowuje sw\u00f3j kszta\u0142t do ostatniego pasma.<\/p>\n<p>Idealny dla:<br \/>\n\u25ab\ufe0f AirTouch<br \/>\n\u25ab\ufe0f Agresywne blondowanie<br \/>\n\u25ab\ufe0f Praca z grubymi, szorstkimi lub mokrymi w\u0142osami<br \/>\n\u25ab\ufe0f Technik, dla kt\u00f3rego wa\u017cna jest stabilno\u015b\u0107 i trwa\u0142o\u015b\u0107<\/p>\n<p><strong>\u017b\u00f3\u0142ta etykieta<\/strong> - to pewno\u015b\u0107 siebie. Dla tych, kt\u00f3rzy nie chc\u0105 martwi\u0107 si\u0119 o foli\u0119 podczas powa\u017cnej pracy.<\/p>","protected":false},"excerpt":{"rendered":"<h3 data-start=\"110\" data-end=\"171\"><strong data-start=\"110\" data-end=\"139\">\u0424\u043e\u043b\u044c\u0433\u0430 \u041d\u0410\u0419\u041c\u0406\u0426\u041d\u0406\u0428\u0410\u00a0 \u0417 \u0422\u0418\u0421\u041d\u0415\u041d\u041d\u042f\u041c\u00a0 \u00a0 \u00a0 \u00a0 \u00a0 \u00a0 \u00a0 \u00a0 \u00a0 \u00a0 \u00a0 \u00a0 <\/strong><strong data-start=\"110\" data-end=\"139\">\u017b\u00f3\u0142ta etykieta<\/strong><br data-start=\"139\" data-end=\"142\" \/><strong data-start=\"142\" data-end=\"171\">\u00a012 cm \u00d7 200 m \/ 15 mikron\u00f3w<\/strong><\/h3>\n<p data-start=\"173\" data-end=\"371\" data-is-last-node=\"\" data-is-only-node=\"\">Gruba t\u0142oczone folia do trudnych zada\u0144.<br data-start=\"217\" data-end=\"220\" \/>Nie rwie si\u0119, nie zsuwa si\u0119, jest odporna na ciep\u0142o i wilgotne w\u0142osy.<br data-start=\"277\" data-end=\"280\" \/>Idealna do \u0431\u043b\u043e\u043d\u0434\u0438\u0440\u043e\u0432\u0430\u043d\u0438\u044f, AirTouch i d\u0142ugich procedur.<br data-start=\"333\" data-end=\"336\" \/>Kiedy potrzebna jest niezawodno\u015b\u0107-to ona.<\/p>","protected":false},"featured_media":3861,"comment_status":"open","ping_status":"closed","template":"","meta":[],"product_brand":[],"product_cat":[33],"product_tag":[],"class_list":{"0":"post-3139","1":"product","2":"type-product","3":"status-publish","4":"has-post-thumbnail","6":"product_cat-tisnena","8":"first","9":"instock","10":"shipping-taxable","11":"purchasable","12":"product-type-simple"},"_links":{"self":[{"href":"https:\/\/silverfoil.com.ua\/pl\/wp-json\/wp\/v2\/product\/3139","targetHints":{"allow":["GET"]}}],"collection":[{"href":"https:\/\/silverfoil.com.ua\/pl\/wp-json\/wp\/v2\/product"}],"about":[{"href":"https:\/\/silverfoil.com.ua\/pl\/wp-json\/wp\/v2\/types\/product"}],"replies":[{"embeddable":true,"href":"https:\/\/silverfoil.com.ua\/pl\/wp-json\/wp\/v2\/comments?post=3139"}],"wp:featuredmedia":[{"embeddable":true,"href":"https:\/\/silverfoil.com.ua\/pl\/wp-json\/wp\/v2\/media\/3861"}],"wp:attachment":[{"href":"https:\/\/silverfoil.com.ua\/pl\/wp-json\/wp\/v2\/media?parent=3139"}],"wp:term":[{"taxonomy":"product_brand","embeddable":true,"href":"https:\/\/silverfoil.com.ua\/pl\/wp-json\/wp\/v2\/product_brand?post=3139"},{"taxonomy":"product_cat","embeddable":true,"href":"https:\/\/silverfoil.com.ua\/pl\/wp-json\/wp\/v2\/product_cat?post=3139"},{"taxonomy":"product_tag","embeddable":true,"href":"https:\/\/silverfoil.com.ua\/pl\/wp-json\/wp\/v2\/product_tag?post=3139"}],"curies":[{"name":"wp","href":"https:\/\/api.w.org\/{rel}","templated":true}]}}