{"id":2890,"date":"2025-04-29T15:04:03","date_gmt":"2025-04-29T15:04:03","guid":{"rendered":"https:\/\/silverfoil.com.ua\/?post_type=product&#038;p=2890"},"modified":"2026-01-29T14:39:32","modified_gmt":"2026-01-29T14:39:32","slug":"nabir-silver-foil-air-12-sm-13-mikron-riflena-folga-12-sm-13-mikron","status":"publish","type":"product","link":"https:\/\/silverfoil.com.ua\/pl\/produkt\/nabir-silver-foil-air-12-sm-13-mikron-riflena-folga-12-sm-13-mikron\/","title":{"rendered":"Zestaw &#034;t\u0142oczone + \u017cebrowana&#034; Silver Foil 12 cm 200 m 13 mikron\u00f3w"},"content":{"rendered":"<h3 data-start=\"59\" data-end=\"108\">Inspiruj\u0105cy zestaw: t\u0142oczony + folia falista<\/h3>\n<p data-start=\"109\" data-end=\"138\"><strong data-start=\"109\" data-end=\"138\">12 cm \u00d7 200 m \/ 13 mikron\u00f3w<\/strong><\/p>\n<p data-start=\"140\" data-end=\"237\">Ten duet zosta\u0142 stworzony z my\u015bl\u0105 o Twojej kreatywno\u015bci!<br data-start=\"179\" data-end=\"182\" \/>Zestaw zawiera <strong data-start=\"193\" data-end=\"207\">dwie folie<\/strong>ka\u017cdy z w\u0142asnym charakterem:<\/p>\n<ul data-start=\"238\" data-end=\"356\">\n<li data-start=\"238\" data-end=\"292\">\n<p data-start=\"240\" data-end=\"292\"><strong data-start=\"240\" data-end=\"251\">T\u0142oczone<\/strong> - trzyma kosmyki jak u\u015bcisk zaufania.<\/p>\n<\/li>\n<li data-start=\"293\" data-end=\"356\">\n<p data-start=\"295\" data-end=\"356\"><strong data-start=\"295\" data-end=\"306\">\u017bebrowana<\/strong> - Mi\u0119kki, pos\u0142uszny, dostosowuje si\u0119 do ruch\u00f3w u\u017cytkownika.<\/p>\n<\/li>\n<\/ul>\n<p data-start=\"358\" data-end=\"537\">Jest to wolno\u015b\u0107 wyboru - w zale\u017cno\u015bci od techniki:<br data-start=\"403\" data-end=\"406\" \/>\u25ab\ufe0f <strong data-start=\"409\" data-end=\"421\">AirTouch<\/strong><br data-start=\"421\" data-end=\"424\" \/>\u25ab\ufe0f <strong data-start=\"427\" data-end=\"442\">Pod\u015bwietlanie<\/strong><br data-start=\"442\" data-end=\"445\" \/>\u25ab\ufe0f <strong data-start=\"448\" data-end=\"463\">Br\u0105zowanie<\/strong><br data-start=\"490\" data-end=\"493\" \/>\u25ab\ufe0f <strong data-start=\"496\" data-end=\"537\">Praca z cienkimi pasmami lub w strefach<\/strong><\/p>\n<p data-start=\"539\" data-end=\"627\">Minimalny wysi\u0142ek - maksymalna kontrola.<br data-start=\"574\" data-end=\"577\" \/><strong data-start=\"577\" data-end=\"627\">Zestaw, kt\u00f3ry dostosowuje si\u0119 do u\u017cytkownika, a nie odwrotnie.<\/strong><\/p>","protected":false},"excerpt":{"rendered":"<p><strong data-start=\"35\" data-end=\"76\">Zestaw folii 12 cm \u00d7 200 m, 13 mikron\u00f3w<\/strong><br data-start=\"76\" data-end=\"79\" \/>T\u0142oczone + \u017cebrowana-do elastycznej pracy w technikach AirTouch, pasemek, \u0431\u0440\u043e\u043d\u0434\u0438\u0440\u043e\u0432\u0430\u043d\u0438\u044f i panem blonde na tablecie. Jeden zestaw - dwa narz\u0119dzia dla wygody i kontroli<\/p>","protected":false},"featured_media":3857,"comment_status":"open","ping_status":"closed","template":"","meta":[],"product_brand":[],"product_cat":[35],"product_tag":[],"class_list":{"0":"post-2890","1":"product","2":"type-product","3":"status-publish","4":"has-post-thumbnail","6":"product_cat-nabori","8":"first","9":"instock","10":"shipping-taxable","11":"purchasable","12":"product-type-simple"},"_links":{"self":[{"href":"https:\/\/silverfoil.com.ua\/pl\/wp-json\/wp\/v2\/product\/2890","targetHints":{"allow":["GET"]}}],"collection":[{"href":"https:\/\/silverfoil.com.ua\/pl\/wp-json\/wp\/v2\/product"}],"about":[{"href":"https:\/\/silverfoil.com.ua\/pl\/wp-json\/wp\/v2\/types\/product"}],"replies":[{"embeddable":true,"href":"https:\/\/silverfoil.com.ua\/pl\/wp-json\/wp\/v2\/comments?post=2890"}],"wp:featuredmedia":[{"embeddable":true,"href":"https:\/\/silverfoil.com.ua\/pl\/wp-json\/wp\/v2\/media\/3857"}],"wp:attachment":[{"href":"https:\/\/silverfoil.com.ua\/pl\/wp-json\/wp\/v2\/media?parent=2890"}],"wp:term":[{"taxonomy":"product_brand","embeddable":true,"href":"https:\/\/silverfoil.com.ua\/pl\/wp-json\/wp\/v2\/product_brand?post=2890"},{"taxonomy":"product_cat","embeddable":true,"href":"https:\/\/silverfoil.com.ua\/pl\/wp-json\/wp\/v2\/product_cat?post=2890"},{"taxonomy":"product_tag","embeddable":true,"href":"https:\/\/silverfoil.com.ua\/pl\/wp-json\/wp\/v2\/product_tag?post=2890"}],"curies":[{"name":"wp","href":"https:\/\/api.w.org\/{rel}","templated":true}]}}