{"id":2888,"date":"2025-04-29T15:02:24","date_gmt":"2025-04-29T15:02:24","guid":{"rendered":"https:\/\/silverfoil.com.ua\/?post_type=product&#038;p=2888"},"modified":"2026-01-29T11:02:31","modified_gmt":"2026-01-29T11:02:31","slug":"nabir-silver-foil-air-14-sm-15-mikron-riflena-folga-14-sm-15-mikron","status":"publish","type":"product","link":"https:\/\/silverfoil.com.ua\/pl\/produkt\/nabir-silver-foil-air-14-sm-15-mikron-riflena-folga-14-sm-15-mikron\/","title":{"rendered":"Papier do delikatnej malowania 14cm 50m 65 mikron\u00f3w"},"content":{"rendered":"<p data-start=\"491\" data-end=\"675\"><strong data-start=\"491\" data-end=\"520\">PaperTouch by Silver Foil<\/strong> - do delikatnego malowania.<br data-start=\"558\" data-end=\"561\" \/>Profesjonalny papier, kt\u00f3ry nie tworzy efektu termicznego, nie przykleja si\u0119 do w\u0142os\u00f3w i zapewnia delikatny efekt koloru bez przegrzewania.<\/p>\n<p data-start=\"677\" data-end=\"813\"><strong data-start=\"680\" data-end=\"696\">\u00a0Rozwi\u0105zanie dla:<\/strong><br \/>\n- Do w\u0142os\u00f3w rozja\u015bnionych, zniszczonych i porowatych<br data-start=\"745\" data-end=\"748\" \/>- Wielokrotne farbowanie na blond<br data-start=\"778\" data-end=\"781\" \/>- Barwienie, airtouch, balayage<\/p>\n<p data-start=\"815\" data-end=\"1114\"><span data-start=\"818\" data-end=\"831\">\u00a0<\/span><strong data-start=\"818\" data-end=\"831\">Zalety:<\/strong><br \/>\n\u2714\ufe0f Bez ciep\u0142a - bez stresu dla w\u0142os\u00f3w<br data-start=\"871\" data-end=\"874\" \/>\u2714\ufe0f Nie wch\u0142ania farby - zachowuje sw\u00f3j kszta\u0142t a\u017c do zmycia.<br data-start=\"919\" data-end=\"922\" \/>\u2714\ufe0f Nie klei si\u0119 - usuwa si\u0119 \u0142atwo i bezg\u0142o\u015bnie<br data-start=\"966\" data-end=\"969\" \/>\u2714\ufe0f Mi\u0119kkie, wytrzyma\u0142e, lekkie - komfort przy ka\u017cdym ruchu<br data-start=\"1019\" data-end=\"1022\" \/>\u2714\ufe0f Nadaje si\u0119 do u\u017cytku pod suszark\u0105<br data-start=\"1058\" data-end=\"1061\" \/>\u2714\ufe0f Format Eco - nie zawiera metalu, nadaje si\u0119 do recyklingu<\/p>\n<p data-start=\"1116\" data-end=\"1194\">\u00a0Papier mo\u017cna \u0142atwo przyci\u0105\u0107 do wymaganej d\u0142ugo\u015bci - wygodne dla wszystkich maszyn.<\/p>\n<p data-start=\"1196\" data-end=\"1293\">PaperTouch nie jest zamiennikiem folii, ale raczej sposobem na piel\u0119gnacj\u0119 w\u0142os\u00f3w, gdy tego najbardziej potrzebuj\u0105.<\/p>","protected":false},"excerpt":{"rendered":"<p><strong data-start=\"246\" data-end=\"275\">PaperTouch by Silver Foil<\/strong> - profesjonalny papier do delikatnego malowania.<br data-start=\"323\" data-end=\"326\" \/>Nie nagrzewa si\u0119, nie przykleja si\u0119, zachowuje jako\u015b\u0107 w\u0142os\u00f3w.<br data-start=\"380\" data-end=\"383\" \/>Idealny dla panem blonde, przyciemniania i wra\u017cliwych w\u0142os\u00f3w.<\/p>","protected":false},"featured_media":3856,"comment_status":"open","ping_status":"closed","template":"","meta":[],"product_brand":[],"product_cat":[40],"product_tag":[],"class_list":{"0":"post-2888","1":"product","2":"type-product","3":"status-publish","4":"has-post-thumbnail","6":"product_cat-papir","8":"first","9":"instock","10":"shipping-taxable","11":"purchasable","12":"product-type-simple"},"_links":{"self":[{"href":"https:\/\/silverfoil.com.ua\/pl\/wp-json\/wp\/v2\/product\/2888","targetHints":{"allow":["GET"]}}],"collection":[{"href":"https:\/\/silverfoil.com.ua\/pl\/wp-json\/wp\/v2\/product"}],"about":[{"href":"https:\/\/silverfoil.com.ua\/pl\/wp-json\/wp\/v2\/types\/product"}],"replies":[{"embeddable":true,"href":"https:\/\/silverfoil.com.ua\/pl\/wp-json\/wp\/v2\/comments?post=2888"}],"wp:featuredmedia":[{"embeddable":true,"href":"https:\/\/silverfoil.com.ua\/pl\/wp-json\/wp\/v2\/media\/3856"}],"wp:attachment":[{"href":"https:\/\/silverfoil.com.ua\/pl\/wp-json\/wp\/v2\/media?parent=2888"}],"wp:term":[{"taxonomy":"product_brand","embeddable":true,"href":"https:\/\/silverfoil.com.ua\/pl\/wp-json\/wp\/v2\/product_brand?post=2888"},{"taxonomy":"product_cat","embeddable":true,"href":"https:\/\/silverfoil.com.ua\/pl\/wp-json\/wp\/v2\/product_cat?post=2888"},{"taxonomy":"product_tag","embeddable":true,"href":"https:\/\/silverfoil.com.ua\/pl\/wp-json\/wp\/v2\/product_tag?post=2888"}],"curies":[{"name":"wp","href":"https:\/\/api.w.org\/{rel}","templated":true}]}}