{"id":2885,"date":"2025-04-29T14:59:50","date_gmt":"2025-04-29T14:59:50","guid":{"rendered":"https:\/\/silverfoil.com.ua\/?post_type=product&#038;p=2885"},"modified":"2026-02-10T18:03:00","modified_gmt":"2026-02-10T18:03:00","slug":"nabir-silver-foil-air-12-sm-12-mikron-tisnena-folga-14-sm-13-mikron","status":"publish","type":"product","link":"https:\/\/silverfoil.com.ua\/pl\/produkt\/nabir-silver-foil-air-12-sm-12-mikron-tisnena-folga-14-sm-13-mikron\/","title":{"rendered":"Zestaw \"Trzy tekstury\" 12 cm 100 metr\u00f3w 15 mikron\u00f3w"},"content":{"rendered":"<h3 data-start=\"67\" data-end=\"136\">Zestaw <strong data-start=\"77\" data-end=\"95\">&#034;Trzy tekstury&#034;<\/strong> - gdy folia dostosowuje si\u0119 do ciebie<\/h3>\n<p data-start=\"137\" data-end=\"166\"><strong data-start=\"137\" data-end=\"166\">12 cm \u00d7 100 m \/ 15 mikron\u00f3w<\/strong><\/p>\n<p data-start=\"168\" data-end=\"250\">W zestawie-trzy unikatowe struktura folii, z kt\u00f3rych ka\u017cda otwiera nowe mo\u017cliwo\u015bci:<\/p>\n<ul data-start=\"252\" data-end=\"616\">\n<li data-start=\"252\" data-end=\"378\">\n<p data-start=\"254\" data-end=\"378\"><strong data-start=\"254\" data-end=\"261\">AIR<\/strong> - \u0142\u0105czy g\u0142adk\u0105 i \u0442\u0438\u0441\u043d\u0435\u043d\u0443\u044e tekstury w jednym opakowaniu. Dla tych, kt\u00f3rzy ceni\u0105 sobie \u0142atwo\u015b\u0107 nak\u0142adania i elastyczno\u015b\u0107 w technice.<\/p>\n<\/li>\n<li data-start=\"379\" data-end=\"500\">\n<p data-start=\"381\" data-end=\"500\"><strong data-start=\"381\" data-end=\"402\">Podw\u00f3jne t\u0142oczenie<\/strong> - maksymalna przyczepno\u015b\u0107 i doskona\u0142a blokada nici. Dzia\u0142a razem z tob\u0105 nawet w trudnych terenach.<\/p>\n<\/li>\n<li data-start=\"501\" data-end=\"616\">\n<p data-start=\"503\" data-end=\"616\"><strong data-start=\"503\" data-end=\"524\">T\u0142oczenie pr\u00f3\u017cniowe<\/strong> - premiowy g\u0119sto\u015b\u0107 i przejrzysta forma. Stworzony dla precyzyjnych ruch\u00f3w i doskona\u0142ego efektu.<\/p>\n<\/li>\n<\/ul>\n<p data-start=\"618\" data-end=\"764\">Nadaje si\u0119 do:<br data-start=\"630\" data-end=\"633\" \/>\u25ab\ufe0f AirTouch<br data-start=\"644\" data-end=\"647\" \/>\u041c\u0435\u043b\ufe0f pasemka<br data-start=\"661\" data-end=\"664\" \/>\u0420\u043e\u0431\u043e\u0442\u0438\ufe0f pracy z cienkimi lub niegrzeczne \u043f\u0440\u044f\u0434\u044f\u043c\u0438<br data-start=\"708\" data-end=\"711\" \/>\ufe0f \ufe0f \u041c\u043d\u043e\u0433\u043e\u0442\u043e\u043d\u0430\u043b\u044c\u043d\u043e\u0435 zabarwienie<br data-start=\"741\" data-end=\"744\" \/>\ufe0f \ufe0f Autorskich technik<\/p>\n<p data-start=\"766\" data-end=\"842\"><strong data-start=\"766\" data-end=\"842\">Jeden zestaw-trzy r\u00f3\u017cne odczucia. Wybierz swoj\u0105 struktur\u0119 pod ka\u017cdy zabarwienie.<\/strong><\/p>","protected":false},"excerpt":{"rendered":"<p data-start=\"38\" data-end=\"94\"><strong data-start=\"38\" data-end=\"62\">Zestaw&#034;Trzy tekstury&#034;<\/strong><br data-start=\"62\" data-end=\"65\" \/><strong data-start=\"65\" data-end=\"94\">12 cm \u00d7 100 m \/ 15 mikron\u00f3w<\/strong><\/p>\n<p data-start=\"96\" data-end=\"179\">W zestawie:<br data-start=\"105\" data-end=\"108\" \/>\ufe0f \ufe0f AIR-g\u0142adka + t\u0142oczone<br data-start=\"133\" data-end=\"136\" \/>\ufe0f \ufe0f Podw\u00f3jne t\u0142oczenie<br data-start=\"156\" data-end=\"159\" \/>\ufe0f \ufe0f T\u0142oczenie pr\u00f3\u017cniowe<\/p>\n<p data-start=\"181\" data-end=\"298\" data-is-last-node=\"\" data-is-only-node=\"\">Dla AirTouch, pasemek, z\u0142o\u017conych wej\u015b\u0107 i autorskich technik.<br data-start=\"241\" data-end=\"244\" \/>Trzy tekstury-maksimum kontroli i komfortu w pracy.<\/p>","protected":false},"featured_media":3852,"comment_status":"open","ping_status":"closed","template":"","meta":[],"product_brand":[],"product_cat":[35],"product_tag":[],"class_list":{"0":"post-2885","1":"product","2":"type-product","3":"status-publish","4":"has-post-thumbnail","6":"product_cat-nabori","8":"first","9":"instock","10":"shipping-taxable","11":"purchasable","12":"product-type-simple"},"_links":{"self":[{"href":"https:\/\/silverfoil.com.ua\/pl\/wp-json\/wp\/v2\/product\/2885","targetHints":{"allow":["GET"]}}],"collection":[{"href":"https:\/\/silverfoil.com.ua\/pl\/wp-json\/wp\/v2\/product"}],"about":[{"href":"https:\/\/silverfoil.com.ua\/pl\/wp-json\/wp\/v2\/types\/product"}],"replies":[{"embeddable":true,"href":"https:\/\/silverfoil.com.ua\/pl\/wp-json\/wp\/v2\/comments?post=2885"}],"wp:featuredmedia":[{"embeddable":true,"href":"https:\/\/silverfoil.com.ua\/pl\/wp-json\/wp\/v2\/media\/3852"}],"wp:attachment":[{"href":"https:\/\/silverfoil.com.ua\/pl\/wp-json\/wp\/v2\/media?parent=2885"}],"wp:term":[{"taxonomy":"product_brand","embeddable":true,"href":"https:\/\/silverfoil.com.ua\/pl\/wp-json\/wp\/v2\/product_brand?post=2885"},{"taxonomy":"product_cat","embeddable":true,"href":"https:\/\/silverfoil.com.ua\/pl\/wp-json\/wp\/v2\/product_cat?post=2885"},{"taxonomy":"product_tag","embeddable":true,"href":"https:\/\/silverfoil.com.ua\/pl\/wp-json\/wp\/v2\/product_tag?post=2885"}],"curies":[{"name":"wp","href":"https:\/\/api.w.org\/{rel}","templated":true}]}}