{"id":2877,"date":"2025-04-29T14:48:02","date_gmt":"2025-04-29T14:48:02","guid":{"rendered":"https:\/\/silverfoil.com.ua\/?post_type=product&#038;p=2877"},"modified":"2026-02-17T09:32:13","modified_gmt":"2026-02-17T09:32:13","slug":"folga-podvijnogo-tisnennya-12-sm-200-m-15-mikron","status":"publish","type":"product","link":"https:\/\/silverfoil.com.ua\/pl\/produkt\/folga-podvijnogo-tisnennya-12-sm-200-m-15-mikron\/","title":{"rendered":"Folia podw\u00f3jnego t\u0142oczenia 12 cm 200 m 15 mikron\u00f3w"},"content":{"rendered":"<h3 data-start=\"61\" data-end=\"138\"><strong data-start=\"65\" data-end=\"95\">Podw\u00f3jnie wyt\u0142aczana folia<\/strong> - Maksymalna przyczepno\u015b\u0107, pe\u0142na kontrola<\/h3>\n<p data-start=\"139\" data-end=\"168\"><strong data-start=\"139\" data-end=\"168\">12 cm \u00d7 200 m \/ 15 mikron\u00f3w<\/strong><\/p>\n<p data-start=\"170\" data-end=\"341\">Wzmocniona, podw\u00f3jnie wyt\u0142aczana struktura zapewnia \u015bcis\u0142e trzymanie splot\u00f3w, nawet w najbardziej aktywnych obszarach.<br data-start=\"278\" data-end=\"281\" \/>Nie \u015blizga si\u0119, nie przesuwa, pozostaje na swoim miejscu.<\/p>\n<p data-start=\"343\" data-end=\"498\">Idealny dla:<br data-start=\"356\" data-end=\"359\" \/>\u25ab\ufe0f AirTouch<br data-start=\"370\" data-end=\"373\" \/>\u25ab\ufe0f Pod\u015bwietlanie w obszarach z aktywnym wzrostem<br data-start=\"413\" data-end=\"416\" \/>\u25ab\ufe0f Praca z ci\u0119\u017ckimi lub niesfornymi w\u0142osami<br data-start=\"459\" data-end=\"462\" \/>\u25ab\ufe0f Technik z du\u017c\u0105 ilo\u015bci\u0105 folii<\/p>\n<p data-start=\"500\" data-end=\"577\"><strong data-start=\"500\" data-end=\"577\">Wybierz, gdy potrzebujesz maksymalnej przyczepno\u015bci i stabilno\u015bci w ka\u017cdym ruchu.<\/strong><\/p>","protected":false},"excerpt":{"rendered":"<p data-start=\"28\" data-end=\"90\"><strong data-start=\"28\" data-end=\"58\">Podw\u00f3jnie wyt\u0142aczana folia<\/strong><br data-start=\"58\" data-end=\"61\" \/><strong data-start=\"61\" data-end=\"90\">12 cm \u00d7 200 m \/ 15 mikron\u00f3w<\/strong><\/p>\n<p data-start=\"92\" data-end=\"241\" data-is-last-node=\"\" data-is-only-node=\"\">Wzmocniony uchwyt dla pe\u0142nej kontroli.<br data-start=\"132\" data-end=\"135\" \/>Jest idealny do AirTouch, pod\u015bwietlania i pracy w aktywnych obszarach.<br data-start=\"197\" data-end=\"200\" \/>Nie \u015blizga si\u0119, nie zsuwa i mocno trzyma.<\/p>","protected":false},"featured_media":3839,"comment_status":"open","ping_status":"closed","template":"","meta":[],"product_brand":[],"product_cat":[33],"product_tag":[],"class_list":{"0":"post-2877","1":"product","2":"type-product","3":"status-publish","4":"has-post-thumbnail","6":"product_cat-tisnena","8":"first","9":"instock","10":"shipping-taxable","11":"purchasable","12":"product-type-simple"},"_links":{"self":[{"href":"https:\/\/silverfoil.com.ua\/pl\/wp-json\/wp\/v2\/product\/2877","targetHints":{"allow":["GET"]}}],"collection":[{"href":"https:\/\/silverfoil.com.ua\/pl\/wp-json\/wp\/v2\/product"}],"about":[{"href":"https:\/\/silverfoil.com.ua\/pl\/wp-json\/wp\/v2\/types\/product"}],"replies":[{"embeddable":true,"href":"https:\/\/silverfoil.com.ua\/pl\/wp-json\/wp\/v2\/comments?post=2877"}],"wp:featuredmedia":[{"embeddable":true,"href":"https:\/\/silverfoil.com.ua\/pl\/wp-json\/wp\/v2\/media\/3839"}],"wp:attachment":[{"href":"https:\/\/silverfoil.com.ua\/pl\/wp-json\/wp\/v2\/media?parent=2877"}],"wp:term":[{"taxonomy":"product_brand","embeddable":true,"href":"https:\/\/silverfoil.com.ua\/pl\/wp-json\/wp\/v2\/product_brand?post=2877"},{"taxonomy":"product_cat","embeddable":true,"href":"https:\/\/silverfoil.com.ua\/pl\/wp-json\/wp\/v2\/product_cat?post=2877"},{"taxonomy":"product_tag","embeddable":true,"href":"https:\/\/silverfoil.com.ua\/pl\/wp-json\/wp\/v2\/product_tag?post=2877"}],"curies":[{"name":"wp","href":"https:\/\/api.w.org\/{rel}","templated":true}]}}