{"id":3,"date":"2025-03-26T10:41:16","date_gmt":"2025-03-26T10:41:16","guid":{"rendered":"https:\/\/silverfoil.com.ua\/?page_id=3"},"modified":"2025-07-26T14:16:24","modified_gmt":"2025-07-26T14:16:24","slug":"privacy-policy","status":"publish","type":"page","link":"https:\/\/silverfoil.com.ua\/pl\/privacy-policy\/","title":{"rendered":"Polityka prywatno\u015bci"},"content":{"rendered":"<div data-elementor-type=\"wp-page\" data-elementor-id=\"3\" class=\"elementor elementor-3\" data-elementor-post-type=\"page\">\n\t\t\t\t<div class=\"wd-negative-gap elementor-element elementor-element-590a7a61 e-flex e-con-boxed e-con e-parent\" data-id=\"590a7a61\" data-element_type=\"container\">\n\t\t\t\t\t<div class=\"e-con-inner\">\n\t\t\t\t<div class=\"elementor-element elementor-element-7c3e4428 color-scheme-inherit text-left elementor-widget elementor-widget-text-editor\" data-id=\"7c3e4428\" data-element_type=\"widget\" data-widget_type=\"text-editor.default\">\n\t\t\t\t<div class=\"elementor-widget-container\">\n\t\t\t\t\t\t\t\t\t\n<h2 class=\"wp-block-heading\" data-start=\"162\" data-end=\"190\">Polityka prywatno\u015bci<\/h2>\n<h3 data-start=\"192\" data-end=\"218\">1. Definicje termin\u00f3w<\/h3>\n<p data-start=\"220\" data-end=\"291\"><strong data-start=\"220\" data-end=\"228\">1.1.<\/strong> W niniejszej Polityce prywatno\u015bci u\u017cywane s\u0105 nast\u0119puj\u0105ce terminy:<\/p>\n<ul data-start=\"293\" data-end=\"902\">\n<li data-start=\"293\" data-end=\"428\">\n<p data-start=\"295\" data-end=\"428\"><strong data-start=\"295\" data-end=\"320\">\"Administracja witryny\"<\/strong> - osoby odpowiedzialne za stron\u0119 internetow\u0105 <a class=\"\" href=\"https:\/\/silverfoil.com.ua\/pl\/\" target=\"_new\" rel=\"noopener\" data-start=\"352\" data-end=\"398\">silverfoil.com.ua<\/a> i przetwarzanie danych osobowych.<\/p>\n<\/li>\n<li data-start=\"429\" data-end=\"531\">\n<p data-start=\"431\" data-end=\"531\"><strong data-start=\"431\" data-end=\"453\">\"Dane osobowe\"<\/strong> - wszelkie informacje, kt\u00f3re bezpo\u015brednio lub po\u015brednio identyfikuj\u0105 dan\u0105 osob\u0119.<\/p>\n<\/li>\n<li data-start=\"532\" data-end=\"662\">\n<p data-start=\"534\" data-end=\"662\"><strong data-start=\"534\" data-end=\"566\">\"Przetwarzanie danych osobowych\"<\/strong> - wszelkie dzia\u0142ania zwi\u0105zane z danymi osobowymi: gromadzenie, przechowywanie, wykorzystywanie, przekazywanie, niszczenie itp.<\/p>\n<\/li>\n<li data-start=\"663\" data-end=\"764\">\n<p data-start=\"665\" data-end=\"764\"><strong data-start=\"665\" data-end=\"681\">\"U\u017cytkownik\"<\/strong> - ka\u017cda osoba odwiedzaj\u0105ca witryn\u0119 <a class=\"\" href=\"https:\/\/silverfoil.com.ua\/pl\/\" target=\"_new\" rel=\"noopener\" data-start=\"717\" data-end=\"763\">silverfoil.com.ua<\/a>.<\/p>\n<\/li>\n<li data-start=\"765\" data-end=\"839\">\n<p data-start=\"767\" data-end=\"839\"><strong data-start=\"767\" data-end=\"778\">Pliki cookie<\/strong> - fragment\u00f3w danych przechowywanych na urz\u0105dzeniu U\u017cytkownika.<\/p>\n<\/li>\n<li data-start=\"840\" data-end=\"902\">\n<p data-start=\"842\" data-end=\"902\"><strong data-start=\"842\" data-end=\"855\">Adres IP<\/strong> - unikalny adres urz\u0105dzenia w Internecie.<\/p>\n<\/li>\n<\/ul>\n<hr data-start=\"904\" data-end=\"907\" \/>\n<h3 data-start=\"909\" data-end=\"934\">2. Postanowienia og\u00f3lne<\/h3>\n<ul data-start=\"936\" data-end=\"1199\">\n<li data-start=\"936\" data-end=\"1040\">\n<p data-start=\"938\" data-end=\"1040\">Korzystaj\u0105c ze strony internetowej, u\u017cytkownik wyra\u017ca zgod\u0119 na przetwarzanie jego danych osobowych zgodnie z niniejsz\u0105 polityk\u0105.<\/p>\n<\/li>\n<li data-start=\"1041\" data-end=\"1109\">\n<p data-start=\"1043\" data-end=\"1109\">Je\u015bli nie zgadzasz si\u0119 z warunkami, prosimy o zaprzestanie korzystania z witryny.<\/p>\n<\/li>\n<li data-start=\"1110\" data-end=\"1199\">\n<p data-start=\"1112\" data-end=\"1199\">Polityka nie ma zastosowania do innych zasob\u00f3w, nawet je\u015bli istniej\u0105 linki do nich z naszej strony internetowej.<\/p>\n<\/li>\n<\/ul>\n<hr data-start=\"1201\" data-end=\"1204\" \/>\n<h3 data-start=\"1206\" data-end=\"1233\">3. Jakie dane gromadzimy<\/h3>\n<h4 data-start=\"1235\" data-end=\"1259\">Dostarczone dobrowolnie:<\/h4>\n<ul data-start=\"1260\" data-end=\"1339\">\n<li data-start=\"1260\" data-end=\"1276\">\n<p data-start=\"1262\" data-end=\"1276\">Imi\u0119, nazwisko<\/p>\n<\/li>\n<li data-start=\"1277\" data-end=\"1286\">\n<p data-start=\"1279\" data-end=\"1286\">Telefon<\/p>\n<\/li>\n<li data-start=\"1287\" data-end=\"1294\">\n<p data-start=\"1289\" data-end=\"1294\">E-mail<\/p>\n<\/li>\n<li data-start=\"1295\" data-end=\"1339\">\n<p data-start=\"1297\" data-end=\"1339\">Inne informacje pozostawione w formularzach<\/p>\n<\/li>\n<\/ul>\n<h4 data-start=\"1341\" data-end=\"1366\">Automatyczny monta\u017c:<\/h4>\n<ul data-start=\"1367\" data-end=\"1444\">\n<li data-start=\"1367\" data-end=\"1378\">\n<p data-start=\"1369\" data-end=\"1378\">Adres IP<\/p>\n<\/li>\n<li data-start=\"1379\" data-end=\"1405\">\n<p data-start=\"1381\" data-end=\"1405\">Typ urz\u0105dzenia i przegl\u0105darki<\/p>\n<\/li>\n<li data-start=\"1406\" data-end=\"1434\">\n<p data-start=\"1408\" data-end=\"1434\">Czas wizyty i dzia\u0142ania na stronie<\/p>\n<\/li>\n<li data-start=\"1435\" data-end=\"1444\">\n<p data-start=\"1437\" data-end=\"1444\">Pliki cookie<\/p>\n<\/li>\n<\/ul>\n<hr data-start=\"1446\" data-end=\"1449\" \/>\n<h3 data-start=\"1451\" data-end=\"1494\">4. Do czego wykorzystujemy dane u\u017cytkownika<\/h3>\n<ul data-start=\"1496\" data-end=\"1680\">\n<li data-start=\"1496\" data-end=\"1530\">\n<p data-start=\"1498\" data-end=\"1530\">Przetwarzanie \u017c\u0105da\u0144 za po\u015brednictwem formularzy<\/p>\n<\/li>\n<li data-start=\"1531\" data-end=\"1576\">\n<p data-start=\"1533\" data-end=\"1576\">Komunikacja dotycz\u0105ca produkt\u00f3w i zam\u00f3wie\u0144<\/p>\n<\/li>\n<li data-start=\"1577\" data-end=\"1605\">\n<p data-start=\"1579\" data-end=\"1605\">Dla analityki internetowej<\/p>\n<\/li>\n<li data-start=\"1606\" data-end=\"1655\">\n<p data-start=\"1608\" data-end=\"1655\">W przypadku marketingowych wiadomo\u015bci e-mail (je\u015bli u\u017cytkownik wyrazi\u0142 na to zgod\u0119)<\/p>\n<\/li>\n<li data-start=\"1656\" data-end=\"1680\">\n<p data-start=\"1658\" data-end=\"1680\">Aby ulepszy\u0107 us\u0142ug\u0119<\/p>\n<\/li>\n<\/ul>\n<hr data-start=\"1682\" data-end=\"1685\" \/>\n<h3 data-start=\"1687\" data-end=\"1706\">5. Ochrona danych<\/h3>\n<p data-start=\"1708\" data-end=\"1842\">Podejmujemy \u015brodki techniczne i organizacyjne w celu ochrony danych osobowych przed utrat\u0105, nieuprawnionym dost\u0119pem lub ujawnieniem.<\/p>\n<p data-start=\"1844\" data-end=\"1922\">Dane nie s\u0105 ujawniane stronom trzecim, z wyj\u0105tkiem przypadk\u00f3w wymaganych przez prawo.<\/p>\n<hr data-start=\"1924\" data-end=\"1927\" \/>\n<h3 data-start=\"1929\" data-end=\"1953\">6. Prawa u\u017cytkownika<\/h3>\n<p data-start=\"1955\" data-end=\"1970\">Masz do tego prawo:<\/p>\n<ul data-start=\"1972\" data-end=\"2080\">\n<li data-start=\"1972\" data-end=\"2003\">\n<p data-start=\"1974\" data-end=\"2003\">Jakie dane przechowujemy<\/p>\n<\/li>\n<li data-start=\"2004\" data-end=\"2045\">\n<p data-start=\"2006\" data-end=\"2045\">\u017b\u0105danie zmiany lub usuni\u0119cia danych<\/p>\n<\/li>\n<li data-start=\"2046\" data-end=\"2080\">\n<p data-start=\"2048\" data-end=\"2080\">Anulowanie zgody na przetwarzanie danych<\/p>\n<\/li>\n<\/ul>\n<hr data-start=\"2082\" data-end=\"2085\" \/>\n<h3 data-start=\"2087\" data-end=\"2111\">7. 7. zmiany w polityce<\/h3>\n<p data-start=\"2113\" data-end=\"2202\">Mo\u017cemy wprowadza\u0107 zmiany do niniejszej Polityki. Aktualna wersja b\u0119dzie zawsze dost\u0119pna na stronie internetowej.<\/p>\n<hr data-start=\"2204\" data-end=\"2207\" \/>\n<h3 data-start=\"2209\" data-end=\"2224\">8. Kontakty.<\/h3>\n<p data-start=\"2226\" data-end=\"2411\"><strong data-start=\"2226\" data-end=\"2241\">Silver Foil<\/strong><br data-start=\"2241\" data-end=\"2244\" \/>E-mail: <a class=\"cursor-pointer\" rel=\"noopener\" data-start=\"2254\" data-end=\"2311\">folgaupakovka@gmail.com<\/a><br data-start=\"2311\" data-end=\"2314\" \/>Telefon: +38 (063) 054 32 00<br data-start=\"2345\" data-end=\"2348\" \/>Strona internetowa: <a class=\"\" href=\"https:\/\/silverfoil.com.ua\/pl\/\" target=\"_new\" rel=\"noopener\" data-start=\"2357\" data-end=\"2411\">www.silverfoil.com.ua<\/a><\/p>\t\t\t\t\t\t\t\t<\/div>\n\t\t\t\t<\/div>\n\t\t\t\t\t<\/div>\n\t\t\t\t<\/div>\n\t\t\t\t<\/div>","protected":false},"excerpt":{"rendered":"<p>\u041f\u043e\u043b\u0456\u0442\u0438\u043a\u0430 \u043a\u043e\u043d\u0444\u0456\u0434\u0435\u043d\u0446\u0456\u0439\u043d\u043e\u0441\u0442\u0456 1. \u0412\u0438\u0437\u043d\u0430\u0447\u0435\u043d\u043d\u044f \u0442\u0435\u0440\u043c\u0456\u043d\u0456\u0432 1.1. \u0423 \u0446\u0456\u0439 \u041f\u043e\u043b\u0456\u0442\u0438\u0446\u0456 \u043a\u043e\u043d\u0444\u0456\u0434\u0435\u043d\u0446\u0456\u0439\u043d\u043e\u0441\u0442\u0456 \u0432\u0438\u043a\u043e\u0440\u0438\u0441\u0442\u043e\u0432\u0443\u044e\u0442\u044c\u0441\u044f \u0442\u0430\u043a\u0456 \u0442\u0435\u0440\u043c\u0456\u043d\u0438: \u00ab\u0410\u0434\u043c\u0456\u043d\u0456\u0441\u0442\u0440\u0430\u0446\u0456\u044f \u0441\u0430\u0439\u0442\u0443\u00bb \u2013 \u043e\u0441\u043e\u0431\u0438, \u0432\u0456\u0434\u043f\u043e\u0432\u0456\u0434\u0430\u043b\u044c\u043d\u0456 \u0437\u0430 \u0441\u0430\u0439\u0442<\/p>","protected":false},"author":1,"featured_media":0,"parent":0,"menu_order":0,"comment_status":"closed","ping_status":"open","template":"","meta":{"footnotes":""},"class_list":["post-3","page","type-page","status-publish","hentry"],"_links":{"self":[{"href":"https:\/\/silverfoil.com.ua\/pl\/wp-json\/wp\/v2\/pages\/3","targetHints":{"allow":["GET"]}}],"collection":[{"href":"https:\/\/silverfoil.com.ua\/pl\/wp-json\/wp\/v2\/pages"}],"about":[{"href":"https:\/\/silverfoil.com.ua\/pl\/wp-json\/wp\/v2\/types\/page"}],"author":[{"embeddable":true,"href":"https:\/\/silverfoil.com.ua\/pl\/wp-json\/wp\/v2\/users\/1"}],"replies":[{"embeddable":true,"href":"https:\/\/silverfoil.com.ua\/pl\/wp-json\/wp\/v2\/comments?post=3"}],"version-history":[{"count":0,"href":"https:\/\/silverfoil.com.ua\/pl\/wp-json\/wp\/v2\/pages\/3\/revisions"}],"wp:attachment":[{"href":"https:\/\/silverfoil.com.ua\/pl\/wp-json\/wp\/v2\/media?parent=3"}],"curies":[{"name":"wp","href":"https:\/\/api.w.org\/{rel}","templated":true}]}}