{"id":1877,"date":"2025-04-13T15:04:24","date_gmt":"2025-04-13T15:04:24","guid":{"rendered":"https:\/\/silverfoil.com.ua\/?page_id=1877"},"modified":"2025-04-13T15:06:42","modified_gmt":"2025-04-13T15:06:42","slug":"sertifikati","status":"publish","type":"page","link":"https:\/\/silverfoil.com.ua\/pl\/sertifikati\/","title":{"rendered":"Certyfikaty"},"content":{"rendered":"<div data-elementor-type=\"wp-page\" data-elementor-id=\"1877\" class=\"elementor elementor-1877\" data-elementor-post-type=\"page\">\n\t\t\t\t<div class=\"wd-negative-gap elementor-element elementor-element-9a26048 e-flex e-con-boxed e-con e-parent\" data-id=\"9a26048\" data-element_type=\"container\">\n\t\t\t\t\t<div class=\"e-con-inner\">\n\t\t\t\t<div class=\"elementor-element elementor-element-d8994b3 elementor-icon-list--layout-inline elementor-list-item-link-full_width elementor-widget elementor-widget-icon-list\" data-id=\"d8994b3\" data-element_type=\"widget\" data-widget_type=\"icon-list.default\">\n\t\t\t\t<div class=\"elementor-widget-container\">\n\t\t\t\t\t\t\t<ul class=\"elementor-icon-list-items elementor-inline-items\">\n\t\t\t\t\t\t\t<li class=\"elementor-icon-list-item elementor-inline-item\">\n\t\t\t\t\t\t\t\t\t\t\t<a href=\"https:\/\/silverfoil.com.ua\/pl\">\n\n\t\t\t\t\t\t\t\t\t\t\t<span class=\"elementor-icon-list-text\">Strona g\u0142\u00f3wna \/ <\/span>\n\t\t\t\t\t\t\t\t\t\t\t<\/a>\n\t\t\t\t\t\t\t\t\t<\/li>\n\t\t\t\t\t\t\t\t<li class=\"elementor-icon-list-item elementor-inline-item\">\n\t\t\t\t\t\t\t\t\t\t<span class=\"elementor-icon-list-text\">Paszporty jako\u015bci<\/span>\n\t\t\t\t\t\t\t\t\t<\/li>\n\t\t\t\t\t\t<\/ul>\n\t\t\t\t\t\t<\/div>\n\t\t\t\t<\/div>\n\t\t\t\t\t<\/div>\n\t\t\t\t<\/div>\n\t\t<div class=\"wd-negative-gap elementor-element elementor-element-a653c7d e-flex e-con-boxed e-con e-parent\" data-id=\"a653c7d\" data-element_type=\"container\">\n\t\t\t\t\t<div class=\"e-con-inner\">\n\t\t<div class=\"elementor-element elementor-element-23889aa e-con-full e-flex e-con e-child\" data-id=\"23889aa\" data-element_type=\"container\" data-settings=\"{&quot;background_background&quot;:&quot;classic&quot;}\">\n\t\t\t\t<div class=\"elementor-element elementor-element-e23ea7f elementor-widget elementor-widget-heading\" data-id=\"e23ea7f\" data-element_type=\"widget\" data-widget_type=\"heading.default\">\n\t\t\t\t<div class=\"elementor-widget-container\">\n\t\t\t\t\t<h3 class=\"elementor-heading-title elementor-size-default\">Paszporty jako\u015bci<\/h3>\t\t\t\t<\/div>\n\t\t\t\t<\/div>\n\t\t\t\t<div class=\"elementor-element elementor-element-12bb619 elementor-absolute elementor-widget elementor-widget-image\" data-id=\"12bb619\" data-element_type=\"widget\" data-settings=\"{&quot;_position&quot;:&quot;absolute&quot;}\" data-widget_type=\"image.default\">\n\t\t\t\t<div class=\"elementor-widget-container\">\n\t\t\t\t\t\t\t\t\t\t\t\t\t\t\t<img fetchpriority=\"high\" decoding=\"async\" width=\"674\" height=\"1024\" src=\"https:\/\/silverfoil.com.ua\/wp-content\/uploads\/2025\/03\/check.svg\" class=\"attachment-large size-large wp-image-596\" alt=\"\" srcset=\"https:\/\/silverfoil.com.ua\/wp-content\/uploads\/\/2025\/03\/check.svg 150w, https:\/\/silverfoil.com.ua\/wp-content\/uploads\/\/2025\/03\/check.svg 300w, https:\/\/silverfoil.com.ua\/wp-content\/uploads\/\/2025\/03\/check.svg 768w, https:\/\/silverfoil.com.ua\/wp-content\/uploads\/\/2025\/03\/check.svg 1024w, https:\/\/silverfoil.com.ua\/wp-content\/uploads\/\/2025\/03\/check.svg 319w\" sizes=\"(max-width: 674px) 100vw, 674px\" \/>\t\t\t\t\t\t\t\t\t\t\t\t\t\t\t<\/div>\n\t\t\t\t<\/div>\n\t\t\t\t<div class=\"elementor-element elementor-element-2a592db elementor-widget__width-initial color-scheme-inherit text-left elementor-widget elementor-widget-text-editor\" data-id=\"2a592db\" data-element_type=\"widget\" data-widget_type=\"text-editor.default\">\n\t\t\t\t<div class=\"elementor-widget-container\">\n\t\t\t\t\t\t\t\t\t<p>Ka\u017cda partia ma pe\u0142ny pakiet dokument\u00f3w, co gwarantuje bezpiecze\u0144stwo produkt\u00f3w i \u0432\u0438\u0434\u043e\u0432\u0438\u0434\u043d\u043e\u0441\u0442\u044c standardy jako\u015bci.<\/p><p>Wi\u0119c pewnie u\u017cyj jej w pracy lub sprzedawa\u0107 swoim klientom.<\/p>\t\t\t\t\t\t\t\t<\/div>\n\t\t\t\t<\/div>\n\t\t\t\t<\/div>\n\t\t<div class=\"elementor-element elementor-element-cfb22ff e-con-full e-flex e-con e-child\" data-id=\"cfb22ff\" data-element_type=\"container\">\n\t\t\t\t<div class=\"elementor-element elementor-element-edd79ae elementor-widget elementor-widget-image\" data-id=\"edd79ae\" data-element_type=\"widget\" data-widget_type=\"image.default\">\n\t\t\t\t<div class=\"elementor-widget-container\">\n\t\t\t\t\t\t\t\t\t\t\t\t\t\t\t\t<a href=\"https:\/\/silverfoil.com.ua\/wp-content\/uploads\/2025\/03\/image-52.png\" data-elementor-open-lightbox=\"yes\" data-elementor-lightbox-title=\"image 52\" data-e-action-hash=\"#elementor-action%3Aaction%3Dlightbox%26settings%3DeyJpZCI6NjA5LCJ1cmwiOiJodHRwczpcL1wvc2lsdmVyZm9pbC5jb20udWFcL3dwLWNvbnRlbnRcL3VwbG9hZHNcLzIwMjVcLzAzXC9pbWFnZS01Mi5wbmcifQ%3D%3D\">\n\t\t\t\t\t\t\t<img decoding=\"async\" width=\"454\" height=\"610\" src=\"https:\/\/silverfoil.com.ua\/wp-content\/uploads\/2025\/03\/image-52.png\" class=\"attachment-full size-full wp-image-609\" alt=\"\" srcset=\"https:\/\/silverfoil.com.ua\/wp-content\/uploads\/2025\/03\/image-52.png 454w, https:\/\/silverfoil.com.ua\/wp-content\/uploads\/2025\/03\/image-52-150x202.png 150w, https:\/\/silverfoil.com.ua\/wp-content\/uploads\/2025\/03\/image-52-223x300.png 223w\" sizes=\"(max-width: 454px) 100vw, 454px\" \/>\t\t\t\t\t\t\t\t<\/a>\n\t\t\t\t\t\t\t\t\t\t\t\t\t\t\t<\/div>\n\t\t\t\t<\/div>\n\t\t\t\t<\/div>\n\t\t<div class=\"elementor-element elementor-element-1a62fb7 e-con-full e-flex e-con e-child\" data-id=\"1a62fb7\" data-element_type=\"container\">\n\t\t\t\t<div class=\"elementor-element elementor-element-7ea7d2d elementor-widget elementor-widget-image\" data-id=\"7ea7d2d\" data-element_type=\"widget\" data-widget_type=\"image.default\">\n\t\t\t\t<div class=\"elementor-widget-container\">\n\t\t\t\t\t\t\t\t\t\t\t\t\t\t\t<img decoding=\"async\" width=\"454\" height=\"610\" src=\"https:\/\/silverfoil.com.ua\/wp-content\/uploads\/2025\/03\/image-53.png\" class=\"attachment-full size-full wp-image-610\" alt=\"\" srcset=\"https:\/\/silverfoil.com.ua\/wp-content\/uploads\/2025\/03\/image-53.png 454w, https:\/\/silverfoil.com.ua\/wp-content\/uploads\/2025\/03\/image-53-150x202.png 150w, https:\/\/silverfoil.com.ua\/wp-content\/uploads\/2025\/03\/image-53-223x300.png 223w\" sizes=\"(max-width: 454px) 100vw, 454px\" \/>\t\t\t\t\t\t\t\t\t\t\t\t\t\t\t<\/div>\n\t\t\t\t<\/div>\n\t\t\t\t<\/div>\n\t\t\t\t\t<\/div>\n\t\t\t\t<\/div>\n\t\t\t\t<\/div>","protected":false},"excerpt":{"rendered":"<p>\u0413\u043e\u043b\u043e\u0432\u043d\u0430 \/ \u041f\u0430\u0441\u043f\u043e\u0440\u0442\u0438 \u044f\u043a\u043e\u0441\u0442\u0456 \u041f\u0430\u0441\u043f\u043e\u0440\u0442\u0438 \u044f\u043a\u043e\u0441\u0442\u0456 \u041a\u043e\u0436\u043d\u0430 \u043f\u0430\u0440\u0442\u0456\u044f \u043c\u0430\u0454 \u043f\u043e\u0432\u043d\u0438\u0439 \u043f\u0430\u043a\u0435\u0442 \u0434\u043e\u043a\u0443\u043c\u0435\u043d\u0442\u0456\u0432, \u0449\u043e \u0433\u0430\u0440\u0430\u043d\u0442\u0443\u0454 \u0431\u0435\u0437\u043f\u0435\u043a\u0443 \u043f\u0440\u043e\u0434\u0443\u043a\u0446\u0456\u0457 \u2028\u0456 \u0432\u0456\u0434\u043e\u0432\u0456\u0434\u043d\u0456\u0441\u0442\u044c \u0441\u0442\u0430\u043d\u0434\u0430\u0440\u0442\u0430\u043c \u044f\u043a\u043e\u0441\u0442\u0456.<\/p>","protected":false},"author":2,"featured_media":0,"parent":0,"menu_order":0,"comment_status":"closed","ping_status":"closed","template":"","meta":{"footnotes":""},"class_list":["post-1877","page","type-page","status-publish","hentry"],"_links":{"self":[{"href":"https:\/\/silverfoil.com.ua\/pl\/wp-json\/wp\/v2\/pages\/1877","targetHints":{"allow":["GET"]}}],"collection":[{"href":"https:\/\/silverfoil.com.ua\/pl\/wp-json\/wp\/v2\/pages"}],"about":[{"href":"https:\/\/silverfoil.com.ua\/pl\/wp-json\/wp\/v2\/types\/page"}],"author":[{"embeddable":true,"href":"https:\/\/silverfoil.com.ua\/pl\/wp-json\/wp\/v2\/users\/2"}],"replies":[{"embeddable":true,"href":"https:\/\/silverfoil.com.ua\/pl\/wp-json\/wp\/v2\/comments?post=1877"}],"version-history":[{"count":0,"href":"https:\/\/silverfoil.com.ua\/pl\/wp-json\/wp\/v2\/pages\/1877\/revisions"}],"wp:attachment":[{"href":"https:\/\/silverfoil.com.ua\/pl\/wp-json\/wp\/v2\/media?parent=1877"}],"curies":[{"name":"wp","href":"https:\/\/api.w.org\/{rel}","templated":true}]}}