{"id":1790,"date":"2025-04-13T14:25:42","date_gmt":"2025-04-13T14:25:42","guid":{"rendered":"https:\/\/silverfoil.com.ua\/?page_id=1790"},"modified":"2025-04-13T15:03:31","modified_gmt":"2025-04-13T15:03:31","slug":"blog","status":"publish","type":"page","link":"https:\/\/silverfoil.com.ua\/pl\/blog\/","title":{"rendered":"Blog"},"content":{"rendered":"<div data-elementor-type=\"wp-page\" data-elementor-id=\"1790\" class=\"elementor elementor-1790\" data-elementor-post-type=\"page\">\n\t\t\t\t<div class=\"wd-negative-gap elementor-element elementor-element-ab70bd7 e-flex e-con-boxed e-con e-parent\" data-id=\"ab70bd7\" data-element_type=\"container\">\n\t\t\t\t\t<div class=\"e-con-inner\">\n\t\t\t\t<div class=\"elementor-element elementor-element-8c12a03 elementor-icon-list--layout-inline elementor-list-item-link-full_width elementor-widget elementor-widget-icon-list\" data-id=\"8c12a03\" data-element_type=\"widget\" data-widget_type=\"icon-list.default\">\n\t\t\t\t<div class=\"elementor-widget-container\">\n\t\t\t\t\t\t\t<ul class=\"elementor-icon-list-items elementor-inline-items\">\n\t\t\t\t\t\t\t<li class=\"elementor-icon-list-item elementor-inline-item\">\n\t\t\t\t\t\t\t\t\t\t\t<a href=\"https:\/\/silverfoil.com.ua\/pl\">\n\n\t\t\t\t\t\t\t\t\t\t\t<span class=\"elementor-icon-list-text\">Strona g\u0142\u00f3wna \/ <\/span>\n\t\t\t\t\t\t\t\t\t\t\t<\/a>\n\t\t\t\t\t\t\t\t\t<\/li>\n\t\t\t\t\t\t\t\t<li class=\"elementor-icon-list-item elementor-inline-item\">\n\t\t\t\t\t\t\t\t\t\t<span class=\"elementor-icon-list-text\">Blog<\/span>\n\t\t\t\t\t\t\t\t\t<\/li>\n\t\t\t\t\t\t<\/ul>\n\t\t\t\t\t\t<\/div>\n\t\t\t\t<\/div>\n\t\t\t\t<div class=\"elementor-element elementor-element-ade5cc0 elementor-widget elementor-widget-heading\" data-id=\"ade5cc0\" data-element_type=\"widget\" data-widget_type=\"heading.default\">\n\t\t\t\t<div class=\"elementor-widget-container\">\n\t\t\t\t\t<h1 class=\"elementor-heading-title elementor-size-default\">Artyku\u0142y<\/h1>\t\t\t\t<\/div>\n\t\t\t\t<\/div>\n\t\t\t\t<div class=\"elementor-element elementor-element-18fba54 elementor-grid-4 elementor-grid-tablet-3 elementor-grid-mobile-1 elementor-widget elementor-widget-loop-grid\" data-id=\"18fba54\" data-element_type=\"widget\" data-settings=\"{&quot;template_id&quot;:&quot;1817&quot;,&quot;columns&quot;:4,&quot;columns_tablet&quot;:3,&quot;pagination_type&quot;:&quot;load_more_on_click&quot;,&quot;_skin&quot;:&quot;post&quot;,&quot;columns_mobile&quot;:&quot;1&quot;,&quot;edit_handle_selector&quot;:&quot;[data-elementor-type=\\&quot;loop-item\\&quot;]&quot;,&quot;load_more_spinner&quot;:{&quot;value&quot;:&quot;fas fa-spinner&quot;,&quot;library&quot;:&quot;fa-solid&quot;},&quot;row_gap&quot;:{&quot;unit&quot;:&quot;px&quot;,&quot;size&quot;:&quot;&quot;,&quot;sizes&quot;:[]},&quot;row_gap_widescreen&quot;:{&quot;unit&quot;:&quot;px&quot;,&quot;size&quot;:&quot;&quot;,&quot;sizes&quot;:[]},&quot;row_gap_laptop&quot;:{&quot;unit&quot;:&quot;px&quot;,&quot;size&quot;:&quot;&quot;,&quot;sizes&quot;:[]},&quot;row_gap_tablet&quot;:{&quot;unit&quot;:&quot;px&quot;,&quot;size&quot;:&quot;&quot;,&quot;sizes&quot;:[]},&quot;row_gap_mobile&quot;:{&quot;unit&quot;:&quot;px&quot;,&quot;size&quot;:&quot;&quot;,&quot;sizes&quot;:[]}}\" data-widget_type=\"loop-grid.post\">\n\t\t\t\t<div class=\"elementor-widget-container\">\n\t\t\t\t\t\t\t<div class=\"elementor-loop-container elementor-grid\">\n\t\t<style id=\"loop-1817\">.elementor-1817 .elementor-element.elementor-element-a658b62{--display:flex;--flex-direction:column;--container-widget-width:100%;--container-widget-height:initial;--container-widget-flex-grow:0;--container-widget-align-self:initial;--flex-wrap-mobile:wrap;--gap:16px 0px;--row-gap:16px;--column-gap:0px;}.elementor-1817 .elementor-element.elementor-element-38de05c{--display:flex;--min-height:256px;--border-radius:20px 20px 20px 20px;--margin-top:0px;--margin-bottom:0px;--margin-left:0px;--margin-right:0px;--padding-top:0px;--padding-bottom:0px;--padding-left:0px;--padding-right:0px;}.elementor-1817 .elementor-element.elementor-element-aa0aac8{--display:flex;--flex-direction:column;--container-widget-width:100%;--container-widget-height:initial;--container-widget-flex-grow:0;--container-widget-align-self:initial;--flex-wrap-mobile:wrap;--justify-content:space-between;}.elementor-1817 .elementor-element.elementor-element-aa0aac8.e-con{--flex-grow:1;--flex-shrink:0;}.elementor-widget-theme-post-title .elementor-heading-title{font-family:var( --e-global-typography-primary-font-family ), Sans-serif;font-size:var( --e-global-typography-primary-font-size );font-weight:var( --e-global-typography-primary-font-weight );line-height:var( --e-global-typography-primary-line-height );color:var( --e-global-color-primary );}.elementor-1817 .elementor-element.elementor-element-81cea27.elementor-element{--flex-grow:1;--flex-shrink:0;}.elementor-1817 .elementor-element.elementor-element-81cea27 .elementor-heading-title{font-family:\"Craftwork Sans\", Sans-serif;font-size:18px;font-weight:400;line-height:25px;}.woocommerce .elementor-widget-woocommerce-product-price .price{color:var( --e-global-color-primary );font-family:var( --e-global-typography-primary-font-family ), Sans-serif;font-size:var( --e-global-typography-primary-font-size );font-weight:var( --e-global-typography-primary-font-weight );line-height:var( --e-global-typography-primary-line-height );}.woocommerce .elementor-1817 .elementor-element.elementor-element-8f36f23 .price{font-family:\"Roboto\", Sans-serif;font-weight:500;}@media(min-width:1900px){.elementor-widget-theme-post-title .elementor-heading-title{font-size:var( --e-global-typography-primary-font-size );line-height:var( --e-global-typography-primary-line-height );}.woocommerce .elementor-widget-woocommerce-product-price .price{font-size:var( --e-global-typography-primary-font-size );line-height:var( --e-global-typography-primary-line-height );}}@media(max-width:1366px){.elementor-widget-theme-post-title .elementor-heading-title{font-size:var( --e-global-typography-primary-font-size );line-height:var( --e-global-typography-primary-line-height );}.woocommerce .elementor-widget-woocommerce-product-price .price{font-size:var( --e-global-typography-primary-font-size );line-height:var( --e-global-typography-primary-line-height );}}@media(max-width:1024px){.elementor-widget-theme-post-title .elementor-heading-title{font-size:var( --e-global-typography-primary-font-size );line-height:var( --e-global-typography-primary-line-height );}.woocommerce .elementor-widget-woocommerce-product-price .price{font-size:var( --e-global-typography-primary-font-size );line-height:var( --e-global-typography-primary-line-height );}}@media(max-width:767px){.elementor-1817 .elementor-element.elementor-element-38de05c{--min-height:168px;}.elementor-1817 .elementor-element.elementor-element-aa0aac8{--gap:15px 0px;--row-gap:15px;--column-gap:0px;}.elementor-1817 .elementor-element.elementor-element-aa0aac8.e-con{--flex-grow:1;--flex-shrink:0;}.elementor-widget-theme-post-title .elementor-heading-title{font-size:var( --e-global-typography-primary-font-size );line-height:var( --e-global-typography-primary-line-height );}.elementor-1817 .elementor-element.elementor-element-81cea27.elementor-element{--flex-grow:1;--flex-shrink:0;}.elementor-1817 .elementor-element.elementor-element-81cea27 .elementor-heading-title{font-size:14px;line-height:18px;}.woocommerce .elementor-widget-woocommerce-product-price .price{font-size:var( --e-global-typography-primary-font-size );line-height:var( --e-global-typography-primary-line-height );}.woocommerce .elementor-1817 .elementor-element.elementor-element-8f36f23 .price{font-size:16px;}}\/* Start custom CSS for container, class: .elementor-element-38de05c *\/.cover-box {\n    background-size: cover;\n}\/* End custom CSS *\/\n\/* Start custom CSS for theme-post-title, class: .elementor-element-81cea27 *\/@media (max-width: 768px) {\n    .elementor-1817 .elementor-element.elementor-element-81cea27 .elementor-heading-title {\n    overflow: hidden;\n    text-overflow: ellipsis;\n    display: -webkit-box;\n    -webkit-line-clamp: 2;\n    -webkit-box-orient: vertical;\n    line-height: 25px;\n    max-height: 50px; \n}\n\n\n@supports not (-webkit-line-clamp: 2) {\n    .elementor-1817 .elementor-element.elementor-element-81cea27 .elementor-heading-title {\n        display: block;\n        white-space: nowrap;\n    }\n}\n}\/* End custom CSS *\/<\/style>\t\t<div data-elementor-type=\"loop-item\" data-elementor-id=\"1817\" class=\"elementor elementor-1817 e-loop-item e-loop-item-1783 post-1783 post type-post status-publish format-standard has-post-thumbnail hentry category-uncategorized\" data-elementor-post-type=\"elementor_library\" data-custom-edit-handle=\"1\">\n\t\t\t<a class=\"wd-negative-gap elementor-element elementor-element-a658b62 e-flex e-con-boxed e-con e-parent\" data-id=\"a658b62\" data-element_type=\"container\" href=\"https:\/\/silverfoil.com.ua\/pl\/adipiscing-elit-sed-do-eiusmod-tempor-incididunt-copy-copy-copy\/\">\n\t\t\t\t\t<div class=\"e-con-inner\">\n\t\t<div class=\"elementor-element elementor-element-38de05c e-con-full cover-box e-flex e-con e-child\" data-id=\"38de05c\" data-element_type=\"container\" data-settings=\"{&quot;background_background&quot;:&quot;classic&quot;}\">\n\t\t\t\t<\/div>\n\t\t<div class=\"elementor-element elementor-element-aa0aac8 e-con-full e-flex e-con e-child\" data-id=\"aa0aac8\" data-element_type=\"container\">\n\t\t\t\t<div class=\"elementor-element elementor-element-81cea27 elementor-widget elementor-widget-theme-post-title elementor-page-title elementor-widget-heading\" data-id=\"81cea27\" data-element_type=\"widget\" data-widget_type=\"theme-post-title.default\">\n\t\t\t\t<div class=\"elementor-widget-container\">\n\t\t\t\t\t<div class=\"elementor-heading-title elementor-size-default\">Jak wybra\u0107 foli\u0119 do koloryzacji w\u0142os\u00f3w: prosty przewodnik dla mistrz\u00f3w i salon\u00f3w<\/div>\t\t\t\t<\/div>\n\t\t\t\t<\/div>\n\t\t\t\t<\/div>\n\t\t\t\t\t<\/div>\n\t\t\t\t<\/a>\n\t\t\t\t<\/div>\n\t\t\t\t<div data-elementor-type=\"loop-item\" data-elementor-id=\"1817\" class=\"elementor elementor-1817 e-loop-item e-loop-item-1781 post-1781 post type-post status-publish format-standard has-post-thumbnail hentry category-uncategorized\" data-elementor-post-type=\"elementor_library\" data-custom-edit-handle=\"1\">\n\t\t\t<a class=\"wd-negative-gap elementor-element elementor-element-a658b62 e-flex e-con-boxed e-con e-parent\" data-id=\"a658b62\" data-element_type=\"container\" href=\"https:\/\/silverfoil.com.ua\/pl\/adipiscing-elit-sed-do-eiusmod-tempor-incididunt-copy-copy\/\">\n\t\t\t\t\t<div class=\"e-con-inner\">\n\t\t<div class=\"elementor-element elementor-element-38de05c e-con-full cover-box e-flex e-con e-child\" data-id=\"38de05c\" data-element_type=\"container\" data-settings=\"{&quot;background_background&quot;:&quot;classic&quot;}\">\n\t\t\t\t<\/div>\n\t\t<div class=\"elementor-element elementor-element-aa0aac8 e-con-full e-flex e-con e-child\" data-id=\"aa0aac8\" data-element_type=\"container\">\n\t\t\t\t<div class=\"elementor-element elementor-element-81cea27 elementor-widget elementor-widget-theme-post-title elementor-page-title elementor-widget-heading\" data-id=\"81cea27\" data-element_type=\"widget\" data-widget_type=\"theme-post-title.default\">\n\t\t\t\t<div class=\"elementor-widget-container\">\n\t\t\t\t\t<div class=\"elementor-heading-title elementor-size-default\">Wyt\u0142aczane, pr\u00f3\u017cniowe, AIR: jaka jest r\u00f3\u017cnica i co jest odpowiednie dla Ciebie?<\/div>\t\t\t\t<\/div>\n\t\t\t\t<\/div>\n\t\t\t\t<\/div>\n\t\t\t\t\t<\/div>\n\t\t\t\t<\/a>\n\t\t\t\t<\/div>\n\t\t\t\t<\/div>\n\t\t\t\t\t<span class=\"e-load-more-spinner\">\n\t\t\t\t<svg aria-hidden=\"true\" class=\"e-font-icon-svg e-fas-spinner\" viewbox=\"0 0 512 512\" xmlns=\"http:\/\/www.w3.org\/2000\/svg\"><path d=\"M304 48c0 26.51-21.49 48-48 48s-48-21.49-48-48 21.49-48 48-48 48 21.49 48 48zm-48 368c-26.51 0-48 21.49-48 48s21.49 48 48 48 48-21.49 48-48-21.49-48-48-48zm208-208c-26.51 0-48 21.49-48 48s21.49 48 48 48 48-21.49 48-48-21.49-48-48-48zM96 256c0-26.51-21.49-48-48-48S0 229.49 0 256s21.49 48 48 48 48-21.49 48-48zm12.922 99.078c-26.51 0-48 21.49-48 48s21.49 48 48 48 48-21.49 48-48c0-26.509-21.491-48-48-48zm294.156 0c-26.51 0-48 21.49-48 48s21.49 48 48 48 48-21.49 48-48c0-26.509-21.49-48-48-48zM108.922 60.922c-26.51 0-48 21.49-48 48s21.49 48 48 48 48-21.49 48-48-21.491-48-48-48z\"><\/path><\/svg>\t\t\t<\/span>\n\t\t\n\t\t\t\t\t\t<\/div>\n\t\t\t\t<\/div>\n\t\t\t\t\t<\/div>\n\t\t\t\t<\/div>\n\t\t\t\t<\/div>","protected":false},"excerpt":{"rendered":"<p>\u0413\u043e\u043b\u043e\u0432\u043d\u0430 \/ \u0411\u043b\u043e\u0433 \u0421\u0442\u0430\u0442\u0442\u0456<\/p>","protected":false},"author":2,"featured_media":0,"parent":0,"menu_order":0,"comment_status":"closed","ping_status":"closed","template":"","meta":{"footnotes":""},"class_list":["post-1790","page","type-page","status-publish","hentry"],"_links":{"self":[{"href":"https:\/\/silverfoil.com.ua\/pl\/wp-json\/wp\/v2\/pages\/1790","targetHints":{"allow":["GET"]}}],"collection":[{"href":"https:\/\/silverfoil.com.ua\/pl\/wp-json\/wp\/v2\/pages"}],"about":[{"href":"https:\/\/silverfoil.com.ua\/pl\/wp-json\/wp\/v2\/types\/page"}],"author":[{"embeddable":true,"href":"https:\/\/silverfoil.com.ua\/pl\/wp-json\/wp\/v2\/users\/2"}],"replies":[{"embeddable":true,"href":"https:\/\/silverfoil.com.ua\/pl\/wp-json\/wp\/v2\/comments?post=1790"}],"version-history":[{"count":0,"href":"https:\/\/silverfoil.com.ua\/pl\/wp-json\/wp\/v2\/pages\/1790\/revisions"}],"wp:attachment":[{"href":"https:\/\/silverfoil.com.ua\/pl\/wp-json\/wp\/v2\/media?parent=1790"}],"curies":[{"name":"wp","href":"https:\/\/api.w.org\/{rel}","templated":true}]}}