{"id":1736,"date":"2025-04-13T14:08:10","date_gmt":"2025-04-13T14:08:10","guid":{"rendered":"https:\/\/silverfoil.com.ua\/?page_id=1736"},"modified":"2025-06-02T05:40:25","modified_gmt":"2025-06-02T05:40:25","slug":"obmin-ta-povernennya","status":"publish","type":"page","link":"https:\/\/silverfoil.com.ua\/pl\/obmin-ta-povernennya\/","title":{"rendered":"Wymiana i zwrot"},"content":{"rendered":"<div data-elementor-type=\"wp-page\" data-elementor-id=\"1736\" class=\"elementor elementor-1736\" data-elementor-post-type=\"page\">\n\t\t\t\t<div class=\"wd-negative-gap elementor-element elementor-element-bd82b8f e-flex e-con-boxed e-con e-parent\" data-id=\"bd82b8f\" data-element_type=\"container\">\n\t\t\t\t\t<div class=\"e-con-inner\">\n\t\t\t\t<div class=\"elementor-element elementor-element-2d14f7e elementor-icon-list--layout-inline elementor-list-item-link-full_width elementor-widget elementor-widget-icon-list\" data-id=\"2d14f7e\" data-element_type=\"widget\" data-widget_type=\"icon-list.default\">\n\t\t\t\t<div class=\"elementor-widget-container\">\n\t\t\t\t\t\t\t<ul class=\"elementor-icon-list-items elementor-inline-items\">\n\t\t\t\t\t\t\t<li class=\"elementor-icon-list-item elementor-inline-item\">\n\t\t\t\t\t\t\t\t\t\t\t<a href=\"https:\/\/silverfoil.com.ua\/pl\">\n\n\t\t\t\t\t\t\t\t\t\t\t<span class=\"elementor-icon-list-text\">Strona g\u0142\u00f3wna \/ <\/span>\n\t\t\t\t\t\t\t\t\t\t\t<\/a>\n\t\t\t\t\t\t\t\t\t<\/li>\n\t\t\t\t\t\t\t\t<li class=\"elementor-icon-list-item elementor-inline-item\">\n\t\t\t\t\t\t\t\t\t\t<span class=\"elementor-icon-list-text\">Wymiana i zwrot <\/span>\n\t\t\t\t\t\t\t\t\t<\/li>\n\t\t\t\t\t\t<\/ul>\n\t\t\t\t\t\t<\/div>\n\t\t\t\t<\/div>\n\t\t\t\t\t<\/div>\n\t\t\t\t<\/div>\n\t\t<div class=\"wd-negative-gap elementor-element elementor-element-d71dfd1 e-flex e-con-boxed e-con e-parent\" data-id=\"d71dfd1\" data-element_type=\"container\">\n\t\t\t\t\t<div class=\"e-con-inner\">\n\t\t<div class=\"elementor-element elementor-element-473435a e-con-full e-flex e-con e-child\" data-id=\"473435a\" data-element_type=\"container\">\n\t\t\t\t<div class=\"elementor-element elementor-element-e131600 elementor-widget elementor-widget-heading\" data-id=\"e131600\" data-element_type=\"widget\" data-widget_type=\"heading.default\">\n\t\t\t\t<div class=\"elementor-widget-container\">\n\t\t\t\t\t<h2 class=\"elementor-heading-title elementor-size-default\">Wymiana i zwrot <\/h2>\t\t\t\t<\/div>\n\t\t\t\t<\/div>\n\t\t\t\t<div class=\"elementor-element elementor-element-81dd6c1 elementor-widget__width-initial elementor-widget-mobile__width-inherit color-scheme-inherit text-left elementor-widget elementor-widget-text-editor\" data-id=\"81dd6c1\" data-element_type=\"widget\" data-widget_type=\"text-editor.default\">\n\t\t\t\t<div class=\"elementor-widget-container\">\n\t\t\t\t\t\t\t\t\t<p>Dzi\u0119kujemy za zaufanie i gwarantujemy jako\u015b\u0107 produkt\u00f3w. Je\u017celi z jakichkolwiek powod\u00f3w towar trzeba wymienic, mo\u017cna to zrobi\u0107 zgodnie z prawem Ukrainy w ci\u0105gu 14 dni od daty otrzymania zam\u00f3wienia.<\/p>\t\t\t\t\t\t\t\t<\/div>\n\t\t\t\t<\/div>\n\t\t\t\t<\/div>\n\t\t<div class=\"elementor-element elementor-element-a3241ac e-con-full e-flex e-con e-child\" data-id=\"a3241ac\" data-element_type=\"container\">\n\t\t<div class=\"elementor-element elementor-element-1036c2a e-con-full e-flex e-con e-child\" data-id=\"1036c2a\" data-element_type=\"container\">\n\t\t\t\t<div class=\"elementor-element elementor-element-e6ff1c4 elementor-widget elementor-widget-heading\" data-id=\"e6ff1c4\" data-element_type=\"widget\" data-widget_type=\"heading.default\">\n\t\t\t\t<div class=\"elementor-widget-container\">\n\t\t\t\t\t<div class=\"elementor-heading-title elementor-size-default\">Wymiana jest mo\u017cliwa, je\u017celi:<\/div>\t\t\t\t<\/div>\n\t\t\t\t<\/div>\n\t\t\t\t<div class=\"elementor-element elementor-element-850e3d9 color-scheme-inherit text-left elementor-widget elementor-widget-text-editor\" data-id=\"850e3d9\" data-element_type=\"widget\" data-widget_type=\"text-editor.default\">\n\t\t\t\t<div class=\"elementor-widget-container\">\n\t\t\t\t\t\t\t\t\t<ul><li>Towar nie ma uszkodze\u0144, spowodowanych po otrzymaniu.<\/li><li>Otrzyma\u0142e\u015b towar, kt\u00f3ry nie jest zgodny z zam\u00f3wieniem.<\/li><li>Wy\u0142oniony produkcyjne.<\/li><\/ul>\t\t\t\t\t\t\t\t<\/div>\n\t\t\t\t<\/div>\n\t\t\t\t<div class=\"elementor-element elementor-element-6e9afa7 elementor-widget elementor-widget-heading\" data-id=\"6e9afa7\" data-element_type=\"widget\" data-widget_type=\"heading.default\">\n\t\t\t\t<div class=\"elementor-widget-container\">\n\t\t\t\t\t<div class=\"elementor-heading-title elementor-size-default\">Wymiana nie jest mo\u017cliwa, je\u015bli:<\/div>\t\t\t\t<\/div>\n\t\t\t\t<\/div>\n\t\t\t\t<div class=\"elementor-element elementor-element-bf20fcb color-scheme-inherit text-left elementor-widget elementor-widget-text-editor\" data-id=\"bf20fcb\" data-element_type=\"widget\" data-widget_type=\"text-editor.default\">\n\t\t\t\t<div class=\"elementor-widget-container\">\n\t\t\t\t\t\t\t\t\t<ul><li>Od momentu otrzymania towaru min\u0119\u0142o wi\u0119cej ni\u017c 14 dni.<\/li><li>Towar posiada uszkodzenia, kt\u00f3re powsta\u0142y z winy odbiorcy.<\/li><\/ul>\t\t\t\t\t\t\t\t<\/div>\n\t\t\t\t<\/div>\n\t\t\t\t<div class=\"elementor-element elementor-element-3b73812 color-scheme-inherit text-left elementor-widget elementor-widget-text-editor\" data-id=\"3b73812\" data-element_type=\"widget\" data-widget_type=\"text-editor.default\">\n\t\t\t\t<div class=\"elementor-widget-container\">\n\t\t\t\t\t\t\t\t\t<p>Je\u015bli potrzebujesz wymian\u0119, skontaktuj si\u0119 z naszym zespo\u0142em, a my pomo\u017cemy rozwi\u0105za\u0107 problem jak najszybciej.<\/p>\t\t\t\t\t\t\t\t<\/div>\n\t\t\t\t<\/div>\n\t\t\t\t<\/div>\n\t\t\t\t<\/div>\n\t\t\t\t\t<\/div>\n\t\t\t\t<\/div>\n\t\t\t\t<\/div>","protected":false},"excerpt":{"rendered":"<p>\u0413\u043e\u043b\u043e\u0432\u043d\u0430 \/ \u041e\u0431\u043c\u0456\u043d \u0442\u0430 \u043f\u043e\u0432\u0435\u0440\u043d\u0435\u043d\u043d\u044f \u041e\u0431\u043c\u0456\u043d \u0442\u0430 \u043f\u043e\u0432\u0435\u0440\u043d\u0435\u043d\u043d\u044f \u041c\u0438 \u0446\u0456\u043d\u0443\u0454\u043c\u043e \u0432\u0430\u0448\u0443 \u0434\u043e\u0432\u0456\u0440\u0443 \u0442\u0430 \u0433\u0430\u0440\u0430\u043d\u0442\u0443\u0454\u043c\u043e \u044f\u043a\u0456\u0441\u0442\u044c \u043f\u0440\u043e\u0434\u0443\u043a\u0446\u0456\u0457. \u042f\u043a\u0449\u043e \u0437 \u0431\u0443\u0434\u044c-\u044f\u043a\u0438\u0445 \u043f\u0440\u0438\u0447\u0438\u043d<\/p>","protected":false},"author":2,"featured_media":0,"parent":0,"menu_order":0,"comment_status":"closed","ping_status":"closed","template":"","meta":{"footnotes":""},"class_list":["post-1736","page","type-page","status-publish","hentry"],"_links":{"self":[{"href":"https:\/\/silverfoil.com.ua\/pl\/wp-json\/wp\/v2\/pages\/1736","targetHints":{"allow":["GET"]}}],"collection":[{"href":"https:\/\/silverfoil.com.ua\/pl\/wp-json\/wp\/v2\/pages"}],"about":[{"href":"https:\/\/silverfoil.com.ua\/pl\/wp-json\/wp\/v2\/types\/page"}],"author":[{"embeddable":true,"href":"https:\/\/silverfoil.com.ua\/pl\/wp-json\/wp\/v2\/users\/2"}],"replies":[{"embeddable":true,"href":"https:\/\/silverfoil.com.ua\/pl\/wp-json\/wp\/v2\/comments?post=1736"}],"version-history":[{"count":0,"href":"https:\/\/silverfoil.com.ua\/pl\/wp-json\/wp\/v2\/pages\/1736\/revisions"}],"wp:attachment":[{"href":"https:\/\/silverfoil.com.ua\/pl\/wp-json\/wp\/v2\/media?parent=1736"}],"curies":[{"name":"wp","href":"https:\/\/api.w.org\/{rel}","templated":true}]}}