{"id":1665,"date":"2025-04-13T13:41:57","date_gmt":"2025-04-13T13:41:57","guid":{"rendered":"https:\/\/silverfoil.com.ua\/?page_id=1665"},"modified":"2026-01-19T10:37:33","modified_gmt":"2026-01-19T10:37:33","slug":"oplata-ta-dostavka","status":"publish","type":"page","link":"https:\/\/silverfoil.com.ua\/pl\/oplata-ta-dostavka\/","title":{"rendered":"P\u0142atno\u015b\u0107 i dostawa"},"content":{"rendered":"<div data-elementor-type=\"wp-page\" data-elementor-id=\"1665\" class=\"elementor elementor-1665\" data-elementor-post-type=\"page\">\n\t\t\t\t<div class=\"wd-negative-gap elementor-element elementor-element-d18f37c e-flex e-con-boxed e-con e-parent\" data-id=\"d18f37c\" data-element_type=\"container\">\n\t\t\t\t\t<div class=\"e-con-inner\">\n\t\t\t\t<div class=\"elementor-element elementor-element-0e5e72f elementor-icon-list--layout-inline elementor-list-item-link-full_width elementor-widget elementor-widget-icon-list\" data-id=\"0e5e72f\" data-element_type=\"widget\" data-widget_type=\"icon-list.default\">\n\t\t\t\t<div class=\"elementor-widget-container\">\n\t\t\t\t\t\t\t<ul class=\"elementor-icon-list-items elementor-inline-items\">\n\t\t\t\t\t\t\t<li class=\"elementor-icon-list-item elementor-inline-item\">\n\t\t\t\t\t\t\t\t\t\t\t<a href=\"https:\/\/silverfoil.com.ua\/pl\">\n\n\t\t\t\t\t\t\t\t\t\t\t<span class=\"elementor-icon-list-text\">Strona g\u0142\u00f3wna \/ <\/span>\n\t\t\t\t\t\t\t\t\t\t\t<\/a>\n\t\t\t\t\t\t\t\t\t<\/li>\n\t\t\t\t\t\t\t\t<li class=\"elementor-icon-list-item elementor-inline-item\">\n\t\t\t\t\t\t\t\t\t\t<span class=\"elementor-icon-list-text\">P\u0142atno\u015b\u0107 i dostawa<\/span>\n\t\t\t\t\t\t\t\t\t<\/li>\n\t\t\t\t\t\t<\/ul>\n\t\t\t\t\t\t<\/div>\n\t\t\t\t<\/div>\n\t\t\t\t\t<\/div>\n\t\t\t\t<\/div>\n\t\t<div class=\"wd-negative-gap elementor-element elementor-element-7e757b2 e-flex e-con-boxed e-con e-parent\" data-id=\"7e757b2\" data-element_type=\"container\">\n\t\t\t\t\t<div class=\"e-con-inner\">\n\t\t<div class=\"elementor-element elementor-element-78374fb e-con-full e-flex e-con e-child\" data-id=\"78374fb\" data-element_type=\"container\">\n\t\t\t\t<div class=\"elementor-element elementor-element-0e04fea elementor-widget elementor-widget-heading\" data-id=\"0e04fea\" data-element_type=\"widget\" data-widget_type=\"heading.default\">\n\t\t\t\t<div class=\"elementor-widget-container\">\n\t\t\t\t\t<h2 class=\"elementor-heading-title elementor-size-default\">P\u0142atno\u015b\u0107 i dostawa<\/h2>\t\t\t\t<\/div>\n\t\t\t\t<\/div>\n\t\t\t\t<div class=\"elementor-element elementor-element-106cf82 elementor-widget__width-initial elementor-widget-mobile__width-inherit color-scheme-inherit text-left elementor-widget elementor-widget-text-editor\" data-id=\"106cf82\" data-element_type=\"widget\" data-widget_type=\"text-editor.default\">\n\t\t\t\t<div class=\"elementor-widget-container\">\n\t\t\t\t\t\t\t\t\t<p>Zrobili\u015bmy proces zamawiania, jak proste i wygodne. Wybra\u0107 odpowiedni spos\u00f3b p\u0142atno\u015bci i dostawy, a my zadbamy, aby twoja przesy\u0142ka dotar\u0142a szybko i bez op\u00f3\u017anie\u0144.<\/p>\t\t\t\t\t\t\t\t<\/div>\n\t\t\t\t<\/div>\n\t\t\t\t<\/div>\n\t\t<div class=\"elementor-element elementor-element-357fe01 e-con-full e-flex e-con e-child\" data-id=\"357fe01\" data-element_type=\"container\">\n\t\t<div class=\"elementor-element elementor-element-64fac1d e-con-full e-flex e-con e-child\" data-id=\"64fac1d\" data-element_type=\"container\">\n\t\t\t\t<div class=\"elementor-element elementor-element-b2bd609 elementor-widget elementor-widget-heading\" data-id=\"b2bd609\" data-element_type=\"widget\" data-widget_type=\"heading.default\">\n\t\t\t\t<div class=\"elementor-widget-container\">\n\t\t\t\t\t<div class=\"elementor-heading-title elementor-size-default\">Wysy\u0142ka<\/div>\t\t\t\t<\/div>\n\t\t\t\t<\/div>\n\t\t\t\t<div class=\"elementor-element elementor-element-0ba94a2 elementor-widget elementor-widget-heading\" data-id=\"0ba94a2\" data-element_type=\"widget\" data-widget_type=\"heading.default\">\n\t\t\t\t<div class=\"elementor-widget-container\">\n\t\t\t\t\t<div class=\"elementor-heading-title elementor-size-default\">Na Ukrainie<\/div>\t\t\t\t<\/div>\n\t\t\t\t<\/div>\n\t\t\t\t<div class=\"elementor-element elementor-element-bd02fc7 color-scheme-inherit text-left elementor-widget elementor-widget-text-editor\" data-id=\"bd02fc7\" data-element_type=\"widget\" data-widget_type=\"text-editor.default\">\n\t\t\t\t<div class=\"elementor-widget-container\">\n\t\t\t\t\t\t\t\t\t<ul><li>Dostawa odbywa si\u0119 Nowej Poczty.<\/li><li>Mo\u017cesz wybra\u0107 dogodny spos\u00f3b, aby uzyska\u0107:<\/li><\/ul>\t\t\t\t\t\t\t\t<\/div>\n\t\t\t\t<\/div>\n\t\t\t\t<div class=\"elementor-element elementor-element-fc1d0c9 color-scheme-inherit text-left elementor-widget elementor-widget-text-editor\" data-id=\"fc1d0c9\" data-element_type=\"widget\" data-widget_type=\"text-editor.default\">\n\t\t\t\t<div class=\"elementor-widget-container\">\n\t\t\t\t\t\t\t\t\t<ul><li>W oddziale Nowej-Mail<\/li><li>Na poczt\u0119, Przesy\u0142ka kurierska do domu (zgodnie z taryfami Nova Poshta)<\/li><\/ul>\t\t\t\t\t\t\t\t<\/div>\n\t\t\t\t<\/div>\n\t\t\t\t<div class=\"elementor-element elementor-element-327a32b color-scheme-inherit text-left elementor-widget elementor-widget-text-editor\" data-id=\"327a32b\" data-element_type=\"widget\" data-widget_type=\"text-editor.default\">\n\t\t\t\t<div class=\"elementor-widget-container\">\n\t\t\t\t\t\t\t\t\t<p>Bezp\u0142atna dostawa na Ukrainie obowi\u0105zuje przy zam\u00f3wieniu od 4 rolek.<\/p>\t\t\t\t\t\t\t\t<\/div>\n\t\t\t\t<\/div>\n\t\t\t\t<div class=\"elementor-element elementor-element-db0c0a7 elementor-widget elementor-widget-heading\" data-id=\"db0c0a7\" data-element_type=\"widget\" data-widget_type=\"heading.default\">\n\t\t\t\t<div class=\"elementor-widget-container\">\n\t\t\t\t\t<div class=\"elementor-heading-title elementor-size-default\">W Polsce<\/div>\t\t\t\t<\/div>\n\t\t\t\t<\/div>\n\t\t\t\t<div class=\"elementor-element elementor-element-f692698 color-scheme-inherit text-left elementor-widget elementor-widget-text-editor\" data-id=\"f692698\" data-element_type=\"widget\" data-widget_type=\"text-editor.default\">\n\t\t\t\t<div class=\"elementor-widget-container\">\n\t\t\t\t\t\t\t\t\t<ul><li>Dostawa odbywa si\u0119 Nowej Poczty.<\/li><li>Do plac\u00f3wki InPost lub na podany adres.<\/li><li>\u0411\u0435\u0437\u043a\u043e\u0448\u0442\u043e\u0432\u043d\u0430 \u0434\u043e\u0441\u0442\u0430\u0432\u043a\u0430 \u0434\u0456\u0454 \u043f\u0440\u0438 \u0437\u0430\u043c\u043e\u0432\u043b\u0435\u043d\u043d\u0456 \u0432\u0456\u0434 5-\u0445 \u0440\u043e\u043b\u0438\u043a\u0456\u0432.<p>Czas otrzymania zam\u00f3wienia wynosi 3-4 dni robocze.<\/p><\/li><\/ul>\t\t\t\t\t\t\t\t<\/div>\n\t\t\t\t<\/div>\n\t\t\t\t<div class=\"elementor-element elementor-element-cec671f elementor-widget elementor-widget-heading\" data-id=\"cec671f\" data-element_type=\"widget\" data-widget_type=\"heading.default\">\n\t\t\t\t<div class=\"elementor-widget-container\">\n\t\t\t\t\t<div class=\"elementor-heading-title elementor-size-default\">Terminy wysy\u0142ki<\/div>\t\t\t\t<\/div>\n\t\t\t\t<\/div>\n\t\t\t\t<div class=\"elementor-element elementor-element-b3c9d3c color-scheme-inherit text-left elementor-widget elementor-widget-text-editor\" data-id=\"b3c9d3c\" data-element_type=\"widget\" data-widget_type=\"text-editor.default\">\n\t\t\t\t<div class=\"elementor-widget-container\">\n\t\t\t\t\t\t\t\t\t<ul><li>\u00a0Je\u015bli zam\u00f3wienie jest urz\u0105dzony i op\u0142acone do godziny 12:00, zostanie on wys\u0142any w ten sam dzie\u0144.<\/li><li>P\u0142atno\u015b\u0107 po 12: 00-wysy\u0142ka nast\u0119pnego dnia.<\/li><li>Dostawa odbywa si\u0119 w standardowym cyklu przewo\u017anika.<\/li><\/ul>\t\t\t\t\t\t\t\t<\/div>\n\t\t\t\t<\/div>\n\t\t\t\t<\/div>\n\t\t<div class=\"elementor-element elementor-element-8520412 e-con-full e-flex e-con e-child\" data-id=\"8520412\" data-element_type=\"container\">\n\t\t\t\t<div class=\"elementor-element elementor-element-40ba0e1 elementor-widget elementor-widget-heading\" data-id=\"40ba0e1\" data-element_type=\"widget\" data-widget_type=\"heading.default\">\n\t\t\t\t<div class=\"elementor-widget-container\">\n\t\t\t\t\t<div class=\"elementor-heading-title elementor-size-default\">P\u0142atno\u015b\u0107<\/div>\t\t\t\t<\/div>\n\t\t\t\t<\/div>\n\t\t\t\t<div class=\"elementor-element elementor-element-2134771 elementor-widget elementor-widget-heading\" data-id=\"2134771\" data-element_type=\"widget\" data-widget_type=\"heading.default\">\n\t\t\t\t<div class=\"elementor-widget-container\">\n\t\t\t\t\t<div class=\"elementor-heading-title elementor-size-default\">Je\u015bli jeste\u015b z Ukrainy<\/div>\t\t\t\t<\/div>\n\t\t\t\t<\/div>\n\t\t\t\t<div class=\"elementor-element elementor-element-18b5efd color-scheme-inherit text-left elementor-widget elementor-widget-text-editor\" data-id=\"18b5efd\" data-element_type=\"widget\" data-widget_type=\"text-editor.default\">\n\t\t\t\t<div class=\"elementor-widget-container\">\n\t\t\t\t\t\t\t\t\t<ul><li>P\u0142atno\u015b\u0107 na konto FLP<\/li><li>Dane do wp\u0142aty b\u0119d\u0105 dost\u0119pne po z\u0142o\u017ceniu zam\u00f3wienia<\/li><\/ul>\t\t\t\t\t\t\t\t<\/div>\n\t\t\t\t<\/div>\n\t\t\t\t<div class=\"elementor-element elementor-element-e4d826b elementor-widget elementor-widget-heading\" data-id=\"e4d826b\" data-element_type=\"widget\" data-widget_type=\"heading.default\">\n\t\t\t\t<div class=\"elementor-widget-container\">\n\t\t\t\t\t<div class=\"elementor-heading-title elementor-size-default\">Je\u015bli jeste\u015b z Polski<\/div>\t\t\t\t<\/div>\n\t\t\t\t<\/div>\n\t\t\t\t<div class=\"elementor-element elementor-element-b962a9d color-scheme-inherit text-left elementor-widget elementor-widget-text-editor\" data-id=\"b962a9d\" data-element_type=\"widget\" data-widget_type=\"text-editor.default\">\n\t\t\t\t<div class=\"elementor-widget-container\">\n\t\t\t\t\t\t\t\t\t<ul><li>P\u0142atno\u015b\u0107 odbywa si\u0119 po faktuwach<\/li><li>Dane do wp\u0142aty b\u0119d\u0105 dost\u0119pne po z\u0142o\u017ceniu zam\u00f3wienia<\/li><\/ul>\t\t\t\t\t\t\t\t<\/div>\n\t\t\t\t<\/div>\n\t\t\t\t<div class=\"elementor-element elementor-element-b3eab5c color-scheme-inherit text-left elementor-widget elementor-widget-text-editor\" data-id=\"b3eab5c\" data-element_type=\"widget\" data-widget_type=\"text-editor.default\">\n\t\t\t\t<div class=\"elementor-widget-container\">\n\t\t\t\t\t\t\t\t\t<p>Gwarantujemy przejrzyste warunki, szybkie przetwarzanie zam\u00f3wie\u0144 i dogodne opcje p\u0142atno\u015bci i dostawy. Je\u015bli masz jakiekolwiek pytania, nasi mened\u017cerowie s\u0105 zawsze gotowi pom\u00f3c.<\/p>\t\t\t\t\t\t\t\t<\/div>\n\t\t\t\t<\/div>\n\t\t\t\t<\/div>\n\t\t\t\t<\/div>\n\t\t\t\t\t<\/div>\n\t\t\t\t<\/div>\n\t\t\t\t<\/div>","protected":false},"excerpt":{"rendered":"<p>\u0413\u043e\u043b\u043e\u0432\u043d\u0430 \/ \u041e\u043f\u043b\u0430\u0442\u0430 \u0442\u0430 \u0434\u043e\u0441\u0442\u0430\u0432\u043a\u0430 \u041e\u043f\u043b\u0430\u0442\u0430 \u0442\u0430 \u0434\u043e\u0441\u0442\u0430\u0432\u043a\u0430 \u041c\u0438 \u0437\u0440\u043e\u0431\u0438\u043b\u0438 \u043f\u0440\u043e\u0446\u0435\u0441 \u0437\u0430\u043c\u043e\u0432\u043b\u0435\u043d\u043d\u044f \u043c\u0430\u043a\u0441\u0438\u043c\u0430\u043b\u044c\u043d\u043e \u043f\u0440\u043e\u0441\u0442\u0438\u043c \u0456 \u0437\u0440\u0443\u0447\u043d\u0438\u043c. \u0412\u0438\u0431\u0438\u0440\u0430\u0439\u0442\u0435 \u0432\u0456\u0434\u043f\u043e\u0432\u0456\u0434\u043d\u0438\u0439 \u0441\u043f\u043e\u0441\u0456\u0431 \u043e\u043f\u043b\u0430\u0442\u0438<\/p>","protected":false},"author":2,"featured_media":0,"parent":0,"menu_order":0,"comment_status":"closed","ping_status":"closed","template":"","meta":{"footnotes":""},"class_list":["post-1665","page","type-page","status-publish","hentry"],"_links":{"self":[{"href":"https:\/\/silverfoil.com.ua\/pl\/wp-json\/wp\/v2\/pages\/1665","targetHints":{"allow":["GET"]}}],"collection":[{"href":"https:\/\/silverfoil.com.ua\/pl\/wp-json\/wp\/v2\/pages"}],"about":[{"href":"https:\/\/silverfoil.com.ua\/pl\/wp-json\/wp\/v2\/types\/page"}],"author":[{"embeddable":true,"href":"https:\/\/silverfoil.com.ua\/pl\/wp-json\/wp\/v2\/users\/2"}],"replies":[{"embeddable":true,"href":"https:\/\/silverfoil.com.ua\/pl\/wp-json\/wp\/v2\/comments?post=1665"}],"version-history":[{"count":3,"href":"https:\/\/silverfoil.com.ua\/pl\/wp-json\/wp\/v2\/pages\/1665\/revisions"}],"predecessor-version":[{"id":4224,"href":"https:\/\/silverfoil.com.ua\/pl\/wp-json\/wp\/v2\/pages\/1665\/revisions\/4224"}],"wp:attachment":[{"href":"https:\/\/silverfoil.com.ua\/pl\/wp-json\/wp\/v2\/media?parent=1665"}],"curies":[{"name":"wp","href":"https:\/\/api.w.org\/{rel}","templated":true}]}}